{"id":9556,"date":"2023-01-19T11:13:19","date_gmt":"2023-01-19T10:13:19","guid":{"rendered":"https:\/\/www.chusm.ma\/?page_id=9556"},"modified":"2023-01-19T16:25:40","modified_gmt":"2023-01-19T15:25:40","slug":"%d8%a7%d8%b3%d8%aa%d8%b4%d8%a7%d8%b1%d8%a9-%d8%b7%d8%a8%d9%8a%d8%a9","status":"publish","type":"page","link":"http:\/\/chusm.ma\/?page_id=9556&lang=ar","title":{"rendered":"\u0627\u0633\u062a\u0634\u0627\u0631\u0629 \u0637\u0628\u064a\u0629"},"content":{"rendered":"\t\t<div data-elementor-type=\"wp-post\" data-elementor-id=\"9556\" class=\"elementor elementor-9556\" data-elementor-settings=\"[]\">\n\t\t\t\t\t\t<div class=\"elementor-inner\">\n\t\t\t\t\t\t\t<div class=\"elementor-section-wrap\">\n\t\t\t\t\t\t\t<section class=\"elementor-section elementor-top-section elementor-element elementor-element-75f54b3 elementor-section-full_width elementor-section-content-top elementor-section-stretched elementor-section-height-default elementor-section-height-default\" data-id=\"75f54b3\" data-element_type=\"section\" data-settings=\"{&quot;stretch_section&quot;:&quot;section-stretched&quot;}\">\n\t\t\t\t\t\t<div class=\"elementor-container elementor-column-gap-no\">\n\t\t\t\t\t\t\t<div class=\"elementor-row\">\n\t\t\t\t\t<div class=\"elementor-column elementor-col-100 elementor-top-column elementor-element elementor-element-18a1c34\" data-id=\"18a1c34\" data-element_type=\"column\">\n\t\t\t<div class=\"elementor-column-wrap elementor-element-populated\">\n\t\t\t\t\t\t\t<div class=\"elementor-widget-wrap\">\n\t\t\t\t\t\t<div class=\"elementor-element elementor-element-3c4c6c1 elementor-widget elementor-widget-image\" data-id=\"3c4c6c1\" data-element_type=\"widget\" data-widget_type=\"image.default\">\n\t\t\t\t<div class=\"elementor-widget-container\">\n\t\t\t\t\t\t\t\t<div class=\"elementor-image\">\n\t\t\t\t\t\t\t\t\t\t\t\t<img decoding=\"async\" width=\"1920\" height=\"250\" src=\"http:\/\/chusm.ma\/wp-content\/uploads\/2022\/05\/rdv1.jpg\" class=\"attachment-full size-full\" alt=\"\" loading=\"lazy\" srcset=\"http:\/\/chusm.ma\/wp-content\/uploads\/2022\/05\/rdv1.jpg 1920w, http:\/\/chusm.ma\/wp-content\/uploads\/2022\/05\/rdv1-300x39.jpg 300w, http:\/\/chusm.ma\/wp-content\/uploads\/2022\/05\/rdv1-1024x133.jpg 1024w, http:\/\/chusm.ma\/wp-content\/uploads\/2022\/05\/rdv1-768x100.jpg 768w, http:\/\/chusm.ma\/wp-content\/uploads\/2022\/05\/rdv1-1536x200.jpg 1536w\" sizes=\"(max-width: 1920px) 100vw, 1920px\" \/>\t\t\t\t\t\t\t\t\t\t\t\t\t\t<\/div>\n\t\t\t\t\t\t<\/div>\n\t\t\t\t<\/div>\n\t\t\t\t\t\t<\/div>\n\t\t\t\t\t<\/div>\n\t\t<\/div>\n\t\t\t\t\t\t\t\t<\/div>\n\t\t\t\t\t<\/div>\n\t\t<\/section>\n\t\t\t\t<section class=\"elementor-section elementor-top-section elementor-element elementor-element-ea21009 elementor-section-content-top services_cta elementor-section-stretched elementor-section-boxed elementor-section-height-default elementor-section-height-default\" data-id=\"ea21009\" data-element_type=\"section\" data-settings=\"{&quot;background_background&quot;:&quot;classic&quot;,&quot;stretch_section&quot;:&quot;section-stretched&quot;}\">\n\t\t\t\t\t\t\t<div class=\"elementor-background-overlay\"><\/div>\n\t\t\t\t\t\t\t<div class=\"elementor-container elementor-column-gap-no\">\n\t\t\t\t\t\t\t<div class=\"elementor-row\">\n\t\t\t\t\t<div class=\"elementor-column elementor-col-100 elementor-top-column elementor-element elementor-element-2d73dfb\" data-id=\"2d73dfb\" data-element_type=\"column\">\n\t\t\t<div class=\"elementor-column-wrap elementor-element-populated\">\n\t\t\t\t\t\t\t<div class=\"elementor-widget-wrap\">\n\t\t\t\t\t\t<div class=\"elementor-element elementor-element-c49b120 elementor-widget elementor-widget-elementskit-button\" data-id=\"c49b120\" data-element_type=\"widget\" data-widget_type=\"elementskit-button.default\">\n\t\t\t\t<div class=\"elementor-widget-container\">\n\t\t\t<div class=\"ekit-wid-con\" >\t\t<div class=\"ekit-btn-wraper\">\n\t\t\t\t\t\t\t<a href=\"#\" class=\"elementskit-btn services_cta_btn whitespace--normal\" >\n\t\t\t\t\t\n\t\t\t\t\t<i aria-hidden=\"true\" class=\"icon icon-internet\"><\/i>\n\t\t\t\t\t\u0623\u062e\u062f \u0645\u0648\u0639\u062f \u0639\u0646 \u0628\u0639\u062f\t\t\t\t<\/a>\n\t\t\t\t\t\t<\/div>\n        <\/div>\t\t<\/div>\n\t\t\t\t<\/div>\n\t\t\t\t\t\t<\/div>\n\t\t\t\t\t<\/div>\n\t\t<\/div>\n\t\t\t\t\t\t\t\t<\/div>\n\t\t\t\t\t<\/div>\n\t\t<\/section>\n\t\t\t\t<section class=\"elementor-section elementor-top-section elementor-element elementor-element-255271e animated-slow elementor-section-boxed elementor-section-height-default elementor-section-height-default elementor-invisible\" data-id=\"255271e\" data-element_type=\"section\" data-settings=\"{&quot;animation&quot;:&quot;fadeInUp&quot;}\">\n\t\t\t\t\t\t<div class=\"elementor-container elementor-column-gap-default\">\n\t\t\t\t\t\t\t<div class=\"elementor-row\">\n\t\t\t\t\t<div class=\"elementor-column elementor-col-100 elementor-top-column elementor-element elementor-element-a94cd57\" data-id=\"a94cd57\" data-element_type=\"column\">\n\t\t\t<div class=\"elementor-column-wrap elementor-element-populated\">\n\t\t\t\t\t\t\t<div class=\"elementor-widget-wrap\">\n\t\t\t\t\t\t<div class=\"elementor-element elementor-element-e0bf1d9 elementor-invisible elementor-widget elementor-widget-elementskit-heading\" data-id=\"e0bf1d9\" data-element_type=\"widget\" data-settings=\"{&quot;_animation&quot;:&quot;fadeInUp&quot;,&quot;_animation_delay&quot;:0}\" data-widget_type=\"elementskit-heading.default\">\n\t\t\t\t<div class=\"elementor-widget-container\">\n\t\t\t<div class=\"ekit-wid-con\" ><div class=\"ekit-heading elementskit-section-title-wraper text_center   ekit_heading_tablet-   ekit_heading_mobile-\"><h2 class=\"ekit-heading--title elementskit-section-title \">\n\t\t\t\t\t\u0623\u062e\u062f \u0645\u0648\u0639\u062f \u0641\u064a \u0627\u0644\u062d\u064a\u0646\n\t\t\t\t<\/h2>\t\t\t\t<div class='ekit-heading__description'>\n\t\t\t\t\t<p>\ud83e\udc80 \u0645\u0648\u0627\u0642\u0639 \u0627\u0644\u0625\u0633\u062a\u0634\u0627\u0631\u0629<\/p>\n\t\t\t\t<\/div>\n\t\t\t<\/div><\/div>\t\t<\/div>\n\t\t\t\t<\/div>\n\t\t\t\t\t\t<\/div>\n\t\t\t\t\t<\/div>\n\t\t<\/div>\n\t\t\t\t\t\t\t\t<\/div>\n\t\t\t\t\t<\/div>\n\t\t<\/section>\n\t\t\t\t<section class=\"elementor-section elementor-top-section elementor-element elementor-element-d43293f xs_open_clinic elementor-section-boxed elementor-section-height-default elementor-section-height-default\" data-id=\"d43293f\" data-element_type=\"section\" data-settings=\"{&quot;background_background&quot;:&quot;classic&quot;}\">\n\t\t\t\t\t\t<div class=\"elementor-container elementor-column-gap-default\">\n\t\t\t\t\t\t\t<div class=\"elementor-row\">\n\t\t\t\t\t<div class=\"elementor-column elementor-col-100 elementor-top-column elementor-element elementor-element-0dd0e40\" data-id=\"0dd0e40\" data-element_type=\"column\">\n\t\t\t<div class=\"elementor-column-wrap elementor-element-populated\">\n\t\t\t\t\t\t\t<div class=\"elementor-widget-wrap\">\n\t\t\t\t\t\t<div class=\"elementor-element elementor-element-96a4f0e elementor-widget elementor-widget-html\" data-id=\"96a4f0e\" data-element_type=\"widget\" data-widget_type=\"html.default\">\n\t\t\t\t<div class=\"elementor-widget-container\">\n\t\t\t<table>\r\n  <colgroup><\/colgroup>\r\n  <tr>\r\n    <th style=\"background-color: #C4D7ED\">\u0645\u0648\u0627\u0642\u0639 \u0627\u0644\u0625\u0633\u062a\u0634\u0627\u0631\u0629<\/th>\r\n    <th style=\"background-color: #C4D7ED\">\u0627\u0644\u0645\u0643\u0627\u0646<\/th>\r\n    <th style=\"background-color: #C4D7ED\">\u0627\u0644\u0645\u0633\u0624\u0648\u0644<\/th>\r\n    <th style=\"background-color: #C4D7ED\">\u0627\u0644\u0647\u0627\u062a\u0641 \/ \u0627\u0644\u0631\u0642\u0645 \u0627\u0644\u0628\u0631\u064a\u062f\u064a<\/th>\r\n    <th style=\"background-color: #C4D7ED\">\u0627\u0644\u062c\u062f\u0648\u0644\u0629<\/th>\r\n  <\/tr>\r\n  <tr>\r\n    <th style=\"background-color: #E1E6FA\">\u0645\u0633\u062a\u0634\u0641\u0649 \u0627\u0644\u062a\u062e\u0635\u0635\u0627\u062a<\/th>\r\n    <td style=\"background-color: #d9effd\">-<\/td>\r\n    <td style=\"background-color: #d9effd\">-<\/td>\r\n    <td style=\"background-color: #d9effd\">-<\/td>\r\n    <td style=\"background-color: #d9effd\">-<\/td>\r\n  <\/tr>\r\n  <tr>\r\n    <th style=\"background-color: #E1E6FA\">\u0645\u0633\u062a\u0634\u0641\u0649 \u0627\u0644\u0623\u0645 \u0648 \u0627\u0644\u0637\u0641\u0644<\/th>\r\n    <td style=\"background-color: #EFF0FF\">-<\/td>\r\n    <td style=\"background-color: #EFF0FF\">-<\/td>\r\n    <td style=\"background-color: #EFF0FF\">-<\/td>\r\n    <td style=\"background-color: #EFF0FF\">-<\/td>\r\n  <\/tr>\r\n   <tr>\r\n    <th style=\"background-color: #E1E6FA\">\u0645\u0631\u0643\u0632 \u0627\u0644\u0623\u0646\u0643\u0648\u0644\u0648\u062c\u064a\u0627<\/th>\r\n    <td style=\"background-color: #d9effd\">-<\/td>\r\n    <td style=\"background-color: #d9effd\">-<\/td>\r\n    <td style=\"background-color: #d9effd\">-<\/td>\r\n    <td style=\"background-color: #d9effd\">-<\/td>\r\n  <\/tr>\r\n   <tr>\r\n    <th style=\"background-color: #E1E6FA\">\r\n\u0645\u0633\u062a\u0634\u0641\u0649 \u0627\u0644\u0623\u0645\u0631\u0627\u0636 \u0627\u0644\u0639\u0642\u0644\u064a\u0629\r\n<\/th>\r\n    <td style=\"background-color: #EFF0FF\">-<\/td>\r\n    <td style=\"background-color: #EFF0FF\">-<\/td>\r\n    <td style=\"background-color: #EFF0FF\">-<\/td>\r\n    <td style=\"background-color: #EFF0FF\">-<\/td>\r\n  <\/tr>\r\n<\/table>\t\t<\/div>\n\t\t\t\t<\/div>\n\t\t\t\t\t\t<\/div>\n\t\t\t\t\t<\/div>\n\t\t<\/div>\n\t\t\t\t\t\t\t\t<\/div>\n\t\t\t\t\t<\/div>\n\t\t<\/section>\n\t\t\t\t<section class=\"elementor-section elementor-top-section elementor-element elementor-element-3ca81d2 animated-slow elementor-section-boxed elementor-section-height-default elementor-section-height-default elementor-invisible\" data-id=\"3ca81d2\" data-element_type=\"section\" data-settings=\"{&quot;animation&quot;:&quot;fadeInUp&quot;}\">\n\t\t\t\t\t\t<div class=\"elementor-container elementor-column-gap-default\">\n\t\t\t\t\t\t\t<div class=\"elementor-row\">\n\t\t\t\t\t<div class=\"elementor-column elementor-col-100 elementor-top-column elementor-element elementor-element-80c3fe2\" data-id=\"80c3fe2\" data-element_type=\"column\">\n\t\t\t<div class=\"elementor-column-wrap elementor-element-populated\">\n\t\t\t\t\t\t\t<div class=\"elementor-widget-wrap\">\n\t\t\t\t\t\t<div class=\"elementor-element elementor-element-3113631 elementor-invisible elementor-widget elementor-widget-elementskit-heading\" data-id=\"3113631\" data-element_type=\"widget\" data-settings=\"{&quot;_animation&quot;:&quot;fadeInUp&quot;,&quot;_animation_delay&quot;:0}\" data-widget_type=\"elementskit-heading.default\">\n\t\t\t\t<div class=\"elementor-widget-container\">\n\t\t\t<div class=\"ekit-wid-con\" ><div class=\"ekit-heading elementskit-section-title-wraper text_right   ekit_heading_tablet-   ekit_heading_mobile-\">\t\t\t\t<div class='ekit-heading__description'>\n\t\t\t\t\t<p>&#129044; \u0627\u062a\u062e\u0627\u0630 \u0627\u0644\u0625\u062c\u0631\u0627\u0621\u0627\u062a \u0627\u0644\u062a\u0646\u0638\u064a\u0645\u064a\u0629 \u0627\u0644\u0645\u062a\u0639\u0644\u0642\u0629 \u0628\u0627\u0633\u062a\u0642\u0628\u0627\u0644 \u0648\u0627\u0646\u062a\u0638\u0627\u0631 \u0627\u0644\u0645\u0631\u0636\u0649 \u0644\u0636\u0645\u0627\u0646 \u0625\u062c\u0631\u0627\u0621 \u0627\u0644\u0627\u0633\u062a\u0634\u0627\u0631\u0627\u062a \u0641\u064a \u0638\u0631\u0648\u0641 \u062c\u064a\u062f\u0629<br \/>\n&#129044; \u064a\u062a\u0645 \u062a\u062d\u062f\u064a\u062f \u0639\u062f\u062f \u0627\u0644\u0645\u0631\u0636\u0649 \u0627\u0644\u0630\u064a\u0646 \u0633\u064a\u062a\u0645 \u0642\u0628\u0648\u0644\u0647\u0645 \u0641\u064a \u0627\u0644\u062c\u0644\u0633\u0629 \u0627\u0644\u0648\u0627\u062d\u062f\u0629 \u0648\u0641\u0642\u064b\u0627 \u0644\u0639\u062f\u062f \u0627\u0644\u0627\u0633\u062a\u0634\u0627\u0631\u064a\u064a\u0646 \u0648\u0627\u0644\u0645\u0645\u0627\u0631\u0633\u064a\u0646 \u0648\u0645\u062f\u0629 \u0627\u0644\u062c\u0644\u0633\u0629 \u0648\u0627\u0644\u0627\u062e\u062a\u0635\u0627\u0635.<\/p>\n\t\t\t\t<\/div>\n\t\t\t<\/div><\/div>\t\t<\/div>\n\t\t\t\t<\/div>\n\t\t\t\t\t\t<\/div>\n\t\t\t\t\t<\/div>\n\t\t<\/div>\n\t\t\t\t\t\t\t\t<\/div>\n\t\t\t\t\t<\/div>\n\t\t<\/section>\n\t\t\t\t<section class=\"elementor-section elementor-top-section elementor-element elementor-element-0e7d94c elementor-section-boxed elementor-section-height-default elementor-section-height-default\" data-id=\"0e7d94c\" data-element_type=\"section\">\n\t\t\t\t\t\t<div class=\"elementor-container elementor-column-gap-default\">\n\t\t\t\t\t\t\t<div class=\"elementor-row\">\n\t\t\t\t\t<div class=\"elementor-column elementor-col-66 elementor-top-column elementor-element elementor-element-e2b9505\" data-id=\"e2b9505\" data-element_type=\"column\">\n\t\t\t<div class=\"elementor-column-wrap elementor-element-populated\">\n\t\t\t\t\t\t\t<div class=\"elementor-widget-wrap\">\n\t\t\t\t\t\t<div class=\"elementor-element elementor-element-948c4ce elementor-invisible elementor-widget elementor-widget-text-editor\" data-id=\"948c4ce\" data-element_type=\"widget\" data-settings=\"{&quot;_animation&quot;:&quot;swing&quot;}\" data-widget_type=\"text-editor.default\">\n\t\t\t\t<div class=\"elementor-widget-container\">\n\t\t\t\t\t\t\t\t<div class=\"elementor-text-editor elementor-clearfix\">\n\t\t\t\t<p style=\"text-align: center;\">\u062a\u0648\u0636\u064a\u062d \u0647\u0627\u0645<\/p>\t\t\t\t\t<\/div>\n\t\t\t\t\t\t<\/div>\n\t\t\t\t<\/div>\n\t\t\t\t\t\t<\/div>\n\t\t\t\t\t<\/div>\n\t\t<\/div>\n\t\t\t\t<div class=\"elementor-column elementor-col-66 elementor-top-column elementor-element elementor-element-534ee64\" data-id=\"534ee64\" data-element_type=\"column\">\n\t\t\t<div class=\"elementor-column-wrap elementor-element-populated\">\n\t\t\t\t\t\t\t<div class=\"elementor-widget-wrap\">\n\t\t\t\t\t\t<div class=\"elementor-element elementor-element-dc0aa44 elementor-widget__width-initial elementor-widget elementor-widget-elementskit-heading\" data-id=\"dc0aa44\" data-element_type=\"widget\" data-widget_type=\"elementskit-heading.default\">\n\t\t\t\t<div class=\"elementor-widget-container\">\n\t\t\t<div class=\"ekit-wid-con\" ><div class=\"ekit-heading elementskit-section-title-wraper text_right   ekit_heading_tablet-   ekit_heading_mobile-\">\t\t\t\t<div class='ekit-heading__description'>\n\t\t\t\t\t<p><b>\u064a\u0648\u0645 \u0627\u0644\u0627\u0633\u062a\u0634\u0627\u0631\u0629 \u060c \u0646\u0646\u0635\u062d\u0643 \u0628\u0627\u0644\u062d\u0636\u0648\u0631 \u0642\u0628\u0644 \u0646\u0635\u0641 \u0633\u0627\u0639\u0629 \u0644\u0627\u0633\u062a\u0643\u0645\u0627\u0644 \u0627\u0644\u0625\u062c\u0631\u0627\u0621\u0627\u062a \u0627\u0644\u062a\u0627\u0644\u064a\u0629<\/b><br \/>\n1. \u0627\u0630\u0647\u0628 \u0625\u0644\u0649 \u0645\u0643\u062a\u0628 \u0627\u0644\u0642\u0628\u0648\u0644 ;<br \/>\n2. \u0623\u0643\u0645\u0644 \u0627\u0644\u0625\u062c\u0631\u0627\u0621\u0627\u062a \u0627\u0644\u062a\u0627\u0644\u064a\u0629 \u0648\u0641\u0642\u0627 \u0644\u0641\u0626\u062a\u0643 :<\/p>\n\t\t\t\t<\/div>\n\t\t\t<\/div><\/div>\t\t<\/div>\n\t\t\t\t<\/div>\n\t\t\t\t\t\t<\/div>\n\t\t\t\t\t<\/div>\n\t\t<\/div>\n\t\t\t\t\t\t\t\t<\/div>\n\t\t\t\t\t<\/div>\n\t\t<\/section>\n\t\t\t\t<section class=\"elementor-section elementor-top-section elementor-element elementor-element-4733fe6 xs_open_clinic elementor-section-boxed elementor-section-height-default elementor-section-height-default\" data-id=\"4733fe6\" data-element_type=\"section\" data-settings=\"{&quot;background_background&quot;:&quot;classic&quot;}\">\n\t\t\t\t\t\t<div class=\"elementor-container elementor-column-gap-default\">\n\t\t\t\t\t\t\t<div class=\"elementor-row\">\n\t\t\t\t\t<div class=\"elementor-column elementor-col-100 elementor-top-column elementor-element elementor-element-aff5851\" data-id=\"aff5851\" data-element_type=\"column\">\n\t\t\t<div class=\"elementor-column-wrap elementor-element-populated\">\n\t\t\t\t\t\t\t<div class=\"elementor-widget-wrap\">\n\t\t\t\t\t\t<div class=\"elementor-element elementor-element-386fc9a elementor-widget elementor-widget-html\" data-id=\"386fc9a\" data-element_type=\"widget\" data-widget_type=\"html.default\">\n\t\t\t\t<div class=\"elementor-widget-container\">\n\t\t\t<table style=\"width:100%\">\r\n  <tr>\r\n    <th style=\"background-color: #C4D7ED\">\u0627\u0644\u0648\u062b\u0627\u0626\u0642 \u0648 \u0631\u0633\u0648\u0645 \u0627\u0644\u062f\u0641\u0639<\/th>\r\n    <th style=\"background-color: #C4D7ED\">Payants<\/th>\r\n    <th style=\"background-color: #C4D7ED\">Mutualistes<\/th>\r\n    <th style=\"background-color: #C4D7ED\">Ram\u00e9diste<\/th>\r\n  <\/tr>\r\n  <tr>\r\n    <th style=\"background-color: #E1E6FA\">Pi\u00e8ces n\u00e9cessaires<\/th>\r\n    <td style=\"background-color: #EFdddF\"><span style=\"font-size:13px\">\u2022 \u0648\u0631\u0642\u0629 \u0627\u0644\u0627\u062a\u0635\u0627\u0644 *<br>\u2022 Le bon de RDV de la consultation<br>\u2022 Copie du RDV <\/span><br>\r\n<\/td>\r\n    <td style=\"background-color: #EFdddF\"><span style=\"font-size:13px\">\u2022 Fiche de liaison*<br>\u2022 Le bon de RDV de la consultation<br>\u2022  Copie du RDV<br>\u2022 Copie de la CNIE (recto \/verso)<br>\r\n\u2022 Feuille de soin \u00e0 remplir\r\n<\/span><br><\/td>\r\n    <td style=\"background-color: #EFdddF\"><span style=\"font-size:13px\">\u2022 Fiche de r\u00e9f\u00e9rence*<br> \r\n\u2022 Le bon RDV de la consultation<br>\r\n\u2022 Copie du RDV<br>\r\n\u2022 Copie de la CNIE (recto \/verso)<br>\r\n\u2022 Copie de la carte RAMED valide (recto \/verso)<\/span><\/td>\r\n  <\/tr>\r\n  <tr>\r\n   <th style=\"background-color: #E1E6FA\">Frais \u00e0 payer<br>M\u00e9decin R\u00e9sident<\/th>    \r\n    <td style=\"background-color: #EFF0FF\"><span style=\"font-size:13px\">En dhs<\/span><\/td>\r\n    <td style=\"background-color: #EFF0FF\"><span style=\"font-size:13px\">En dhs<\/span><\/td>\r\n    <td style=\"background-color: #EFddcc\"><span style=\"font-size:12px\">\r\n   R\u00e9glementation en vigueur<br>(loi 65.00 portant code de la couverture m\u00e9dicale de base,<br>et son d\u00e9cret d\u2019application N\u00b0 2-08-177)\r\n        <\/span><\/td>\r\n\r\n  <\/tr>\r\n  <tr>\r\n   <th style=\"background-color: #E1E6FA\">Frais \u00e0 payer<br>Professeur<\/th>    \r\n    <td style=\"background-color: #EFF0FF\"><span style=\"font-size:13px\">En dhs<\/span><\/td>\r\n    <td style=\"background-color: #EFF0FF\"><span style=\"font-size:13px\">En dhs<\/span><\/td>\r\n   \r\n      \r\n        <\/span><\/td>\r\n\r\n  <\/tr>\r\n<\/table>\t\t<\/div>\n\t\t\t\t<\/div>\n\t\t\t\t\t\t<\/div>\n\t\t\t\t\t<\/div>\n\t\t<\/div>\n\t\t\t\t\t\t\t\t<\/div>\n\t\t\t\t\t<\/div>\n\t\t<\/section>\n\t\t\t\t<section class=\"elementor-section elementor-top-section elementor-element elementor-element-311272e elementor-section-boxed elementor-section-height-default elementor-section-height-default\" data-id=\"311272e\" data-element_type=\"section\">\n\t\t\t\t\t\t<div class=\"elementor-container elementor-column-gap-default\">\n\t\t\t\t\t\t\t<div class=\"elementor-row\">\n\t\t\t\t\t<div class=\"elementor-column elementor-col-100 elementor-top-column elementor-element elementor-element-3668a07\" data-id=\"3668a07\" data-element_type=\"column\">\n\t\t\t<div class=\"elementor-column-wrap elementor-element-populated\">\n\t\t\t\t\t\t\t<div class=\"elementor-widget-wrap\">\n\t\t\t\t\t\t<div class=\"elementor-element elementor-element-1172530 elementor-widget__width-initial elementor-widget elementor-widget-elementskit-heading\" data-id=\"1172530\" data-element_type=\"widget\" data-widget_type=\"elementskit-heading.default\">\n\t\t\t\t<div class=\"elementor-widget-container\">\n\t\t\t<div class=\"ekit-wid-con\" ><div class=\"ekit-heading elementskit-section-title-wraper text_right   ekit_heading_tablet-   ekit_heading_mobile-\">\t\t\t\t<div class='ekit-heading__description'>\n\t\t\t\t\t<p>* \u062a\u0645 \u0648\u0636\u0639\u0647 \u0645\u0646 \u0642\u0628\u0644 \u0637\u0628\u064a\u0628\u0643 \u0627\u0644\u0630\u064a \u0642\u0627\u0645 \u0628\u0625\u062d\u0627\u0644\u062a\u0643 (\u0627\u0644\u0635\u062d\u0629 \u0627\u0644\u0639\u0627\u0645\u0629 \u0644\u0644\u0631\u0639\u0627\u0629)<\/p>\n\t\t\t\t<\/div>\n\t\t\t<\/div><\/div>\t\t<\/div>\n\t\t\t\t<\/div>\n\t\t\t\t\t\t<\/div>\n\t\t\t\t\t<\/div>\n\t\t<\/div>\n\t\t\t\t\t\t\t\t<\/div>\n\t\t\t\t\t<\/div>\n\t\t<\/section>\n\t\t\t\t\t\t<\/div>\n\t\t\t\t\t\t<\/div>\n\t\t\t\t\t<\/div>\n\t\t","protected":false},"excerpt":{"rendered":"<p>\u0623\u062e\u062f \u0645\u0648\u0639\u062f \u0639\u0646 \u0628\u0639\u062f \u0623\u062e\u062f \u0645\u0648\u0639\u062f \u0641\u064a \u0627\u0644\u062d\u064a\u0646 \ud83e\udc80 \u0645\u0648\u0627\u0642\u0639 \u0627\u0644\u0625\u0633\u062a\u0634\u0627\u0631\u0629 \u0645\u0648\u0627\u0642\u0639 \u0627\u0644\u0625\u0633\u062a\u0634\u0627\u0631\u0629 \u0627\u0644\u0645\u0643\u0627\u0646 \u0627\u0644\u0645\u0633\u0624\u0648\u0644 \u0627\u0644\u0647\u0627\u062a\u0641 \/ \u0627\u0644\u0631\u0642\u0645 \u0627\u0644\u0628\u0631\u064a\u062f\u064a \u0627\u0644\u062c\u062f\u0648\u0644\u0629 \u0645\u0633\u062a\u0634\u0641\u0649 \u0627\u0644\u062a\u062e\u0635\u0635\u0627\u062a &#8211; &#8211; &#8211; &#8211; \u0645\u0633\u062a\u0634\u0641\u0649 \u0627\u0644\u0623\u0645 \u0648 \u0627\u0644\u0637\u0641\u0644 &#8211; &#8211; &#8211; &#8211; \u0645\u0631\u0643\u0632 \u0627\u0644\u0623\u0646\u0643\u0648\u0644\u0648\u062c\u064a\u0627 &#8211; &#8211; &#8211; &#8211; \u0645\u0633\u062a\u0634\u0641\u0649 \u0627\u0644\u0623\u0645\u0631\u0627\u0636 \u0627\u0644\u0639\u0642\u0644\u064a\u0629 &#8211; &#8211; &#8211; &#8211; &#129044; \u0627\u062a\u062e\u0627\u0630 \u0627\u0644\u0625\u062c\u0631\u0627\u0621\u0627\u062a \u0627\u0644\u062a\u0646\u0638\u064a\u0645\u064a\u0629 \u0627\u0644\u0645\u062a\u0639\u0644\u0642\u0629 \u0628\u0627\u0633\u062a\u0642\u0628\u0627\u0644 \u0648\u0627\u0646\u062a\u0638\u0627\u0631 \u0627\u0644\u0645\u0631\u0636\u0649 [&hellip;]<\/p>\n","protected":false},"author":1,"featured_media":0,"parent":0,"menu_order":0,"comment_status":"closed","ping_status":"closed","template":"elementor_header_footer","meta":[],"_links":{"self":[{"href":"http:\/\/chusm.ma\/index.php?rest_route=\/wp\/v2\/pages\/9556"}],"collection":[{"href":"http:\/\/chusm.ma\/index.php?rest_route=\/wp\/v2\/pages"}],"about":[{"href":"http:\/\/chusm.ma\/index.php?rest_route=\/wp\/v2\/types\/page"}],"author":[{"embeddable":true,"href":"http:\/\/chusm.ma\/index.php?rest_route=\/wp\/v2\/users\/1"}],"replies":[{"embeddable":true,"href":"http:\/\/chusm.ma\/index.php?rest_route=%2Fwp%2Fv2%2Fcomments&post=9556"}],"version-history":[{"count":0,"href":"http:\/\/chusm.ma\/index.php?rest_route=\/wp\/v2\/pages\/9556\/revisions"}],"wp:attachment":[{"href":"http:\/\/chusm.ma\/index.php?rest_route=%2Fwp%2Fv2%2Fmedia&parent=9556"}],"curies":[{"name":"wp","href":"https:\/\/api.w.org\/{rel}","templated":true}]}}