{"id":7754,"date":"2022-06-02T11:03:08","date_gmt":"2022-06-02T09:03:08","guid":{"rendered":"https:\/\/www.pixelconcept1.com\/chu-sm\/?page_id=7754"},"modified":"2023-07-18T11:47:32","modified_gmt":"2023-07-18T10:47:32","slug":"autres-stages","status":"publish","type":"page","link":"http:\/\/chusm.ma\/?page_id=7754","title":{"rendered":"Autres stages"},"content":{"rendered":"\t\t<div data-elementor-type=\"wp-post\" data-elementor-id=\"7754\" class=\"elementor elementor-7754\" data-elementor-settings=\"[]\">\n\t\t\t\t\t\t<div class=\"elementor-inner\">\n\t\t\t\t\t\t\t<div class=\"elementor-section-wrap\">\n\t\t\t\t\t\t\t<section class=\"elementor-section elementor-top-section elementor-element elementor-element-75f54b3 elementor-section-full_width elementor-section-content-top elementor-section-stretched elementor-section-height-default elementor-section-height-default\" data-id=\"75f54b3\" data-element_type=\"section\" data-settings=\"{&quot;stretch_section&quot;:&quot;section-stretched&quot;}\">\n\t\t\t\t\t\t<div class=\"elementor-container elementor-column-gap-no\">\n\t\t\t\t\t\t\t<div class=\"elementor-row\">\n\t\t\t\t\t<div class=\"elementor-column elementor-col-100 elementor-top-column elementor-element elementor-element-18a1c34\" data-id=\"18a1c34\" data-element_type=\"column\">\n\t\t\t<div class=\"elementor-column-wrap elementor-element-populated\">\n\t\t\t\t\t\t\t<div class=\"elementor-widget-wrap\">\n\t\t\t\t\t\t<div class=\"elementor-element elementor-element-3c4c6c1 elementor-widget elementor-widget-image\" data-id=\"3c4c6c1\" data-element_type=\"widget\" data-widget_type=\"image.default\">\n\t\t\t\t<div class=\"elementor-widget-container\">\n\t\t\t\t\t\t\t\t<div class=\"elementor-image\">\n\t\t\t\t\t\t\t\t\t\t\t\t<img decoding=\"async\" width=\"1920\" height=\"250\" src=\"http:\/\/chusm.ma\/wp-content\/uploads\/2022\/06\/stage.jpg\" class=\"attachment-full size-full\" alt=\"\" loading=\"lazy\" srcset=\"http:\/\/chusm.ma\/wp-content\/uploads\/2022\/06\/stage.jpg 1920w, http:\/\/chusm.ma\/wp-content\/uploads\/2022\/06\/stage-300x39.jpg 300w, http:\/\/chusm.ma\/wp-content\/uploads\/2022\/06\/stage-1024x133.jpg 1024w, http:\/\/chusm.ma\/wp-content\/uploads\/2022\/06\/stage-768x100.jpg 768w, http:\/\/chusm.ma\/wp-content\/uploads\/2022\/06\/stage-1536x200.jpg 1536w\" sizes=\"(max-width: 1920px) 100vw, 1920px\" \/>\t\t\t\t\t\t\t\t\t\t\t\t\t\t<\/div>\n\t\t\t\t\t\t<\/div>\n\t\t\t\t<\/div>\n\t\t\t\t\t\t<\/div>\n\t\t\t\t\t<\/div>\n\t\t<\/div>\n\t\t\t\t\t\t\t\t<\/div>\n\t\t\t\t\t<\/div>\n\t\t<\/section>\n\t\t\t\t<section class=\"elementor-section elementor-top-section elementor-element elementor-element-bf6d7c6 animated-slow elementor-section-boxed elementor-section-height-default elementor-section-height-default elementor-invisible\" data-id=\"bf6d7c6\" data-element_type=\"section\" data-settings=\"{&quot;animation&quot;:&quot;fadeInUp&quot;}\">\n\t\t\t\t\t\t<div class=\"elementor-container elementor-column-gap-default\">\n\t\t\t\t\t\t\t<div class=\"elementor-row\">\n\t\t\t\t\t<div class=\"elementor-column elementor-col-100 elementor-top-column elementor-element elementor-element-a6b3a35\" data-id=\"a6b3a35\" data-element_type=\"column\">\n\t\t\t<div class=\"elementor-column-wrap elementor-element-populated\">\n\t\t\t\t\t\t\t<div class=\"elementor-widget-wrap\">\n\t\t\t\t\t\t<section class=\"elementor-section elementor-inner-section elementor-element elementor-element-c9e97fa elementor-section-boxed elementor-section-height-default elementor-section-height-default\" data-id=\"c9e97fa\" data-element_type=\"section\">\n\t\t\t\t\t\t<div class=\"elementor-container elementor-column-gap-default\">\n\t\t\t\t\t\t\t<div class=\"elementor-row\">\n\t\t\t\t\t<div class=\"elementor-column elementor-col-100 elementor-inner-column elementor-element elementor-element-7ec6e22\" data-id=\"7ec6e22\" data-element_type=\"column\" data-settings=\"{&quot;animation&quot;:&quot;none&quot;}\">\n\t\t\t<div class=\"elementor-column-wrap elementor-element-populated\">\n\t\t\t\t\t\t\t<div class=\"elementor-widget-wrap\">\n\t\t\t\t\t\t<div class=\"elementor-element elementor-element-3778591 elementor-widget__width-initial elementor-widget elementor-widget-elementskit-heading\" data-id=\"3778591\" data-element_type=\"widget\" data-widget_type=\"elementskit-heading.default\">\n\t\t\t\t<div class=\"elementor-widget-container\">\n\t\t\t<div class=\"ekit-wid-con\" ><div class=\"ekit-heading elementskit-section-title-wraper text_left   ekit_heading_tablet-   ekit_heading_mobile-\"><h2 class=\"ekit-heading--title elementskit-section-title \">\n\t\t\t\t\tAutres formations\n\t\t\t\t<\/h2><\/div><\/div>\t\t<\/div>\n\t\t\t\t<\/div>\n\t\t\t\t<div class=\"elementor-element elementor-element-1c8e3ba elementor-widget__width-initial elementor-widget elementor-widget-elementskit-heading\" data-id=\"1c8e3ba\" data-element_type=\"widget\" data-widget_type=\"elementskit-heading.default\">\n\t\t\t\t<div class=\"elementor-widget-container\">\n\t\t\t<div class=\"ekit-wid-con\" ><div class=\"ekit-heading elementskit-section-title-wraper text_left   ekit_heading_tablet-   ekit_heading_mobile-\">\t\t\t\t<div class='ekit-heading__description'>\n\t\t\t\t\t<h4>Le centre hospitalo-Universitaire Souss Massa offre d\u2019autres types de stages notamment :<\/h4>\n\n<p>\u2192 Stage des \u00e9tudiants de l\u2019IFPS et des autres instituts relevant de l\u2019\u00e9tat ;<br \/>\n\u2192 Stage des \u00e9coles et instituts priv\u00e9s ;<br \/>\n\u2192 Stages \u00e0 titre individuel ;<br \/>\n\u2192 Stage pour compl\u00e9ment de formation (Equivalence) ;<br \/>\n\u2192 Stage dans le cadre des conventions individuelles (cas des \u00e9trangers) ;<br \/>\n\u2192 Stage dans le cadre d\u2019une convention ;<\/p>\n<p>L\u2019ensemble des stagiaires sont soumis au <b><a href=\"https:\/\/www.chusm.ma\/?page_id=10820\" rel=\"noopener\" target=\"_blank\">r\u00e8glement int\u00e9rieur du CHU Souss Massa<\/a><\/b>.<\/p>\n\t\t\t\t<\/div>\n\t\t\t<\/div><\/div>\t\t<\/div>\n\t\t\t\t<\/div>\n\t\t\t\t\t\t<\/div>\n\t\t\t\t\t<\/div>\n\t\t<\/div>\n\t\t\t\t\t\t\t\t<\/div>\n\t\t\t\t\t<\/div>\n\t\t<\/section>\n\t\t\t\t\t\t<\/div>\n\t\t\t\t\t<\/div>\n\t\t<\/div>\n\t\t\t\t\t\t\t\t<\/div>\n\t\t\t\t\t<\/div>\n\t\t<\/section>\n\t\t\t\t<section class=\"elementor-section elementor-top-section elementor-element elementor-element-ad8b481 xs_open_clinic elementor-section-boxed elementor-section-height-default elementor-section-height-default\" data-id=\"ad8b481\" data-element_type=\"section\" data-settings=\"{&quot;background_background&quot;:&quot;classic&quot;}\">\n\t\t\t\t\t\t<div class=\"elementor-container elementor-column-gap-default\">\n\t\t\t\t\t\t\t<div class=\"elementor-row\">\n\t\t\t\t\t<div class=\"elementor-column elementor-col-100 elementor-top-column elementor-element elementor-element-f1cc8d0\" data-id=\"f1cc8d0\" data-element_type=\"column\">\n\t\t\t<div class=\"elementor-column-wrap elementor-element-populated\">\n\t\t\t\t\t\t\t<div class=\"elementor-widget-wrap\">\n\t\t\t\t\t\t<div class=\"elementor-element elementor-element-46ffaaf elementor-widget elementor-widget-heading\" data-id=\"46ffaaf\" data-element_type=\"widget\" data-widget_type=\"heading.default\">\n\t\t\t\t<div class=\"elementor-widget-container\">\n\t\t\t<h2 class=\"elementor-heading-title elementor-size-default\">\u2794   Stage des \u00e9tudiants de l\u2019institut de formation professionnel dans le domaine de la sant\u00e9 (IFPS) et des autres instituts relevant de l\u2019\u00e9tat : <\/h2>\t\t<\/div>\n\t\t\t\t<\/div>\n\t\t\t\t<div class=\"elementor-element elementor-element-3932306 elementor-widget__width-initial elementor-widget elementor-widget-elementskit-heading\" data-id=\"3932306\" data-element_type=\"widget\" data-widget_type=\"elementskit-heading.default\">\n\t\t\t\t<div class=\"elementor-widget-container\">\n\t\t\t<div class=\"ekit-wid-con\" ><div class=\"ekit-heading elementskit-section-title-wraper text_left   ekit_heading_tablet-   ekit_heading_mobile-\">\t\t\t\t<div class='ekit-heading__description'>\n\t\t\t\t\t<p>\u2192 Les plannings annuels de stage sont re\u00e7us au d\u00e9but de chaque ann\u00e9e, par le service de la formation continue \u00e0 la direction du CHU SM.<\/p>\n\t\t\t\t<\/div>\n\t\t\t<\/div><\/div>\t\t<\/div>\n\t\t\t\t<\/div>\n\t\t\t\t<div class=\"elementor-element elementor-element-abbf799 elementor-widget elementor-widget-heading\" data-id=\"abbf799\" data-element_type=\"widget\" data-widget_type=\"heading.default\">\n\t\t\t\t<div class=\"elementor-widget-container\">\n\t\t\t<h2 class=\"elementor-heading-title elementor-size-default\">\u2794   Stage des \u00e9coles et instituts priv\u00e9s (partenaires du CHU Souss Massa) :<\/h2>\t\t<\/div>\n\t\t\t\t<\/div>\n\t\t\t\t<div class=\"elementor-element elementor-element-c69e895 elementor-widget__width-initial elementor-widget elementor-widget-elementskit-heading\" data-id=\"c69e895\" data-element_type=\"widget\" data-widget_type=\"elementskit-heading.default\">\n\t\t\t\t<div class=\"elementor-widget-container\">\n\t\t\t<div class=\"ekit-wid-con\" ><div class=\"ekit-heading elementskit-section-title-wraper text_left   ekit_heading_tablet-   ekit_heading_mobile-\">\t\t\t\t<div class='ekit-heading__description'>\n\t\t\t\t\t<p>\u2192 Cadrage par des conventions (Respect obligatoire des clauses) ;<br \/>\n\u2192 Les plannings sont arr\u00eat\u00e9s par l\u2019\u00e9cole conventionn\u00e9e.<\/p>\n\t\t\t\t<\/div>\n\t\t\t<\/div><\/div>\t\t<\/div>\n\t\t\t\t<\/div>\n\t\t\t\t<div class=\"elementor-element elementor-element-60c6b9e elementor-widget elementor-widget-heading\" data-id=\"60c6b9e\" data-element_type=\"widget\" data-widget_type=\"heading.default\">\n\t\t\t\t<div class=\"elementor-widget-container\">\n\t\t\t<h2 class=\"elementor-heading-title elementor-size-default\">\u2794   Stage \u00e0 titre individuel :<\/h2>\t\t<\/div>\n\t\t\t\t<\/div>\n\t\t\t\t<div class=\"elementor-element elementor-element-17ec88f elementor-widget__width-initial elementor-widget elementor-widget-elementskit-heading\" data-id=\"17ec88f\" data-element_type=\"widget\" data-widget_type=\"elementskit-heading.default\">\n\t\t\t\t<div class=\"elementor-widget-container\">\n\t\t\t<div class=\"ekit-wid-con\" ><div class=\"ekit-heading elementskit-section-title-wraper text_left   ekit_heading_tablet-   ekit_heading_mobile-\">\t\t\t\t<div class='ekit-heading__description'>\n\t\t\t\t\t<h5>\u00bb B\u00e9n\u00e9ficiaire: Fonctionnaires d'Etat<\/h5>\n<h6>- Conditions requises<\/h6>\n<p>\u2192 Autorisation \u00e9crite de l\u2019administration d\u2019origine ;<br \/>\n\u2192 L\u2019accord pr\u00e9alable des chefs hi\u00e9rarchiques du site de stage est obligatoire.<\/p>\n<h3><\/h3>\n<h5>\u00bb B\u00e9n\u00e9ficiaire: Autres<\/h5>\n<h6>- Conditions requises<\/h6>\n<p>\u2192 Une police d\u2019assurance ;<br \/>\n\u2192 Un engagement sur l\u2019honneur ;<br \/>\n\u2192 L\u2019accord pr\u00e9alable des chefs hi\u00e9rarchiques du site de stage est obligatoire.<\/p>\n\t\t\t\t<\/div>\n\t\t\t<\/div><\/div>\t\t<\/div>\n\t\t\t\t<\/div>\n\t\t\t\t\t\t<\/div>\n\t\t\t\t\t<\/div>\n\t\t<\/div>\n\t\t\t\t\t\t\t\t<\/div>\n\t\t\t\t\t<\/div>\n\t\t<\/section>\n\t\t\t\t<section class=\"elementor-section elementor-top-section elementor-element elementor-element-f1f0661 xs_open_clinic elementor-section-boxed elementor-section-height-default elementor-section-height-default\" data-id=\"f1f0661\" data-element_type=\"section\" data-settings=\"{&quot;background_background&quot;:&quot;classic&quot;}\">\n\t\t\t\t\t\t<div class=\"elementor-container elementor-column-gap-default\">\n\t\t\t\t\t\t\t<div class=\"elementor-row\">\n\t\t\t\t\t<div class=\"elementor-column elementor-col-33 elementor-top-column elementor-element elementor-element-f63ac6f animated-slow elementor-invisible\" data-id=\"f63ac6f\" data-element_type=\"column\" data-settings=\"{&quot;animation&quot;:&quot;fadeInLeft&quot;}\">\n\t\t\t<div class=\"elementor-column-wrap\">\n\t\t\t\t\t\t\t<div class=\"elementor-widget-wrap\">\n\t\t\t\t\t\t\t\t<\/div>\n\t\t\t\t\t<\/div>\n\t\t<\/div>\n\t\t\t\t<div class=\"elementor-column elementor-col-33 elementor-top-column elementor-element elementor-element-abdc99e\" data-id=\"abdc99e\" data-element_type=\"column\">\n\t\t\t<div class=\"elementor-column-wrap elementor-element-populated\">\n\t\t\t\t\t\t\t<div class=\"elementor-widget-wrap\">\n\t\t\t\t\t\t<div class=\"elementor-element elementor-element-c6b3196 elementor-widget elementor-widget-text-editor\" data-id=\"c6b3196\" data-element_type=\"widget\" data-widget_type=\"text-editor.default\">\n\t\t\t\t<div class=\"elementor-widget-container\">\n\t\t\t\t\t\t\t\t<div class=\"elementor-text-editor elementor-clearfix\">\n\t\t\t\t<p><b>N.B :<\/b><\/p><ul><li style=\"list-style-type: none;\"><ul><li>Les demandes de stage sont d\u00e9pos\u00e9es au niveau du bureau d\u2019ordre de la Direction g\u00e9n\u00e9rale.<\/li><\/ul><\/li><\/ul><p>La demande doit pr\u00e9ciser le service et la dur\u00e9e du stage ;<\/p><ul><li>Les stagiaires sont soumis au r\u00e8glement int\u00e9rieur de l\u2019\u00e9tablissement : <a href=\"https:\/\/www.chusm.ma\/?page_id=10820\" target=\"_blank\" rel=\"noopener\">voir R\u00e8glement int\u00e9rieur du CHU Souss Massa<\/a><\/li><\/ul>\t\t\t\t\t<\/div>\n\t\t\t\t\t\t<\/div>\n\t\t\t\t<\/div>\n\t\t\t\t\t\t<\/div>\n\t\t\t\t\t<\/div>\n\t\t<\/div>\n\t\t\t\t<div class=\"elementor-column elementor-col-33 elementor-top-column elementor-element elementor-element-2c9bb67 animated-slow elementor-invisible\" data-id=\"2c9bb67\" data-element_type=\"column\" data-settings=\"{&quot;animation&quot;:&quot;fadeInLeft&quot;}\">\n\t\t\t<div class=\"elementor-column-wrap\">\n\t\t\t\t\t\t\t<div class=\"elementor-widget-wrap\">\n\t\t\t\t\t\t\t\t<\/div>\n\t\t\t\t\t<\/div>\n\t\t<\/div>\n\t\t\t\t\t\t\t\t<\/div>\n\t\t\t\t\t<\/div>\n\t\t<\/section>\n\t\t\t\t<section class=\"elementor-section elementor-top-section elementor-element elementor-element-f2a9192 xs_open_clinic elementor-section-boxed elementor-section-height-default elementor-section-height-default\" data-id=\"f2a9192\" data-element_type=\"section\" data-settings=\"{&quot;background_background&quot;:&quot;classic&quot;}\">\n\t\t\t\t\t\t<div class=\"elementor-container elementor-column-gap-default\">\n\t\t\t\t\t\t\t<div class=\"elementor-row\">\n\t\t\t\t\t<div class=\"elementor-column elementor-col-50 elementor-top-column elementor-element elementor-element-2118cb0 animated-slow elementor-invisible\" data-id=\"2118cb0\" data-element_type=\"column\" data-settings=\"{&quot;animation&quot;:&quot;fadeInLeft&quot;}\">\n\t\t\t<div class=\"elementor-column-wrap\">\n\t\t\t\t\t\t\t<div class=\"elementor-widget-wrap\">\n\t\t\t\t\t\t\t\t<\/div>\n\t\t\t\t\t<\/div>\n\t\t<\/div>\n\t\t\t\t<div class=\"elementor-column elementor-col-50 elementor-top-column elementor-element elementor-element-c4d0e42\" data-id=\"c4d0e42\" data-element_type=\"column\">\n\t\t\t<div class=\"elementor-column-wrap elementor-element-populated\">\n\t\t\t\t\t\t\t<div class=\"elementor-widget-wrap\">\n\t\t\t\t\t\t<div class=\"elementor-element elementor-element-2f94719 elementor-widget elementor-widget-heading\" data-id=\"2f94719\" data-element_type=\"widget\" data-widget_type=\"heading.default\">\n\t\t\t\t<div class=\"elementor-widget-container\">\n\t\t\t<h2 class=\"elementor-heading-title elementor-size-default\">\u2794   Stage pour compl\u00e9ment de formation (Equivalence) <\/h2>\t\t<\/div>\n\t\t\t\t<\/div>\n\t\t\t\t<div class=\"elementor-element elementor-element-4563715 elementor-tabs-view-horizontal elementor-widget elementor-widget-tabs\" data-id=\"4563715\" data-element_type=\"widget\" data-widget_type=\"tabs.default\">\n\t\t\t\t<div class=\"elementor-widget-container\">\n\t\t\t\t\t<div class=\"elementor-tabs\">\n\t\t\t<div class=\"elementor-tabs-wrapper\" role=\"tablist\" >\n\t\t\t\t\t\t\t\t\t<div id=\"elementor-tab-title-7271\" class=\"elementor-tab-title elementor-tab-desktop-title\" aria-selected=\"true\" data-tab=\"1\" role=\"tab\" tabindex=\"0\" aria-controls=\"elementor-tab-content-7271\" aria-expanded=\"false\"><a href=\"\">Cas des m\u00e9decins sp\u00e9cialistes<\/a><\/div>\n\t\t\t\t\t\t\t\t\t<div id=\"elementor-tab-title-7272\" class=\"elementor-tab-title elementor-tab-desktop-title\" aria-selected=\"false\" data-tab=\"2\" role=\"tab\" tabindex=\"-1\" aria-controls=\"elementor-tab-content-7272\" aria-expanded=\"false\"><a href=\"\">Cas des m\u00e9decins g\u00e9n\u00e9ralistes<\/a><\/div>\n\t\t\t\t\t\t\t\t\t<div id=\"elementor-tab-title-7273\" class=\"elementor-tab-title elementor-tab-desktop-title\" aria-selected=\"false\" data-tab=\"3\" role=\"tab\" tabindex=\"-1\" aria-controls=\"elementor-tab-content-7273\" aria-expanded=\"false\"><a href=\"\">Pi\u00e8ces \u00e0 fournir<\/a><\/div>\n\t\t\t\t\t\t\t<\/div>\n\t\t\t<div class=\"elementor-tabs-content-wrapper\" role=\"tablist\" aria-orientation=\"vertical\">\n\t\t\t\t\t\t\t\t\t<div class=\"elementor-tab-title elementor-tab-mobile-title\" aria-selected=\"true\" data-tab=\"1\" role=\"tab\" tabindex=\"0\" aria-controls=\"elementor-tab-content-7271\" aria-expanded=\"false\">Cas des m\u00e9decins sp\u00e9cialistes<\/div>\n\t\t\t\t\t<div id=\"elementor-tab-content-7271\" class=\"elementor-tab-content elementor-clearfix\" data-tab=\"1\" role=\"tabpanel\" aria-labelledby=\"elementor-tab-title-7271\" tabindex=\"0\" hidden=\"false\"><h6>\nM. Le doyen de la FMPA envoie la lettre du Minist\u00e8re de l&#8217;Enseignement sup\u00e9rieur, de la Recherche Scientifique et de la Formation des Cadres (MESRSFC) avec 2 lettres :\n<\/h5>\n<ul>\n<li>Une au nom du Directeur G\u00e9n\u00e9ral ;<\/li>\n<li>L\u2019autre au nom du chef de service concern\u00e9.<\/li>\n<\/ul><\/div>\n\t\t\t\t\t\t\t\t\t<div class=\"elementor-tab-title elementor-tab-mobile-title\" aria-selected=\"false\" data-tab=\"2\" role=\"tab\" tabindex=\"-1\" aria-controls=\"elementor-tab-content-7272\" aria-expanded=\"false\">Cas des m\u00e9decins g\u00e9n\u00e9ralistes<\/div>\n\t\t\t\t\t<div id=\"elementor-tab-content-7272\" class=\"elementor-tab-content elementor-clearfix\" data-tab=\"2\" role=\"tabpanel\" aria-labelledby=\"elementor-tab-title-7272\" tabindex=\"0\" hidden=\"hidden\"><h5>\nM. Le doyen de la FMPA envoie la lettre de MESRSFC avec une lettre au nom du Directeur G\u00e9n\u00e9ral.<br>\n<b>N.B :<\/b> la lettre doit pr\u00e9ciser obligatoirement :\n<\/h5>\n<ul>\n<li>Quatre services de stage (gyn\u00e9co et p\u00e9diatrie sont obligatoires et les 2 autres services sont identifi\u00e9s par le choix de l\u2019int\u00e9ress\u00e9) ;<\/li>\n<li>Si l\u2019int\u00e9ress\u00e9 doit faire un stage pour une dur\u00e9 d\u00e9termin\u00e9e ou bien une \u00e9valuation sans stage.\n<\/li>\n<\/ul><\/div>\n\t\t\t\t\t\t\t\t\t<div class=\"elementor-tab-title elementor-tab-mobile-title\" aria-selected=\"false\" data-tab=\"3\" role=\"tab\" tabindex=\"-1\" aria-controls=\"elementor-tab-content-7273\" aria-expanded=\"false\">Pi\u00e8ces \u00e0 fournir<\/div>\n\t\t\t\t\t<div id=\"elementor-tab-content-7273\" class=\"elementor-tab-content elementor-clearfix\" data-tab=\"3\" role=\"tabpanel\" aria-labelledby=\"elementor-tab-title-7273\" tabindex=\"0\" hidden=\"hidden\"><ul>\n<li>Une police d\u2019assurance couvrant les risques d\u2019accident durant la p\u00e9riode de stage<\/li>\n<li>Un engagement l\u00e9galis\u00e9 et sing\u00e9 par l\u2019int\u00e9ress\u00e9<\/li>\n<li>Une copie de la CNIE \u00e0 d\u00e9faut une copie des 4 premi\u00e8res pages du passeport.\n<\/li>\n<\/ul><\/div>\n\t\t\t\t\t\t\t<\/div>\n\t\t<\/div>\n\t\t\t\t<\/div>\n\t\t\t\t<\/div>\n\t\t\t\t<div class=\"elementor-element elementor-element-67ec062 elementor-widget elementor-widget-heading\" data-id=\"67ec062\" data-element_type=\"widget\" data-widget_type=\"heading.default\">\n\t\t\t\t<div class=\"elementor-widget-container\">\n\t\t\t<h2 class=\"elementor-heading-title elementor-size-default\">\u2794   Stage dans le cadre des conventions individuelles (cas des \u00e9trangers) <\/h2>\t\t<\/div>\n\t\t\t\t<\/div>\n\t\t\t\t<div class=\"elementor-element elementor-element-fceef25 elementor-widget__width-initial elementor-widget elementor-widget-elementskit-heading\" data-id=\"fceef25\" data-element_type=\"widget\" data-widget_type=\"elementskit-heading.default\">\n\t\t\t\t<div class=\"elementor-widget-container\">\n\t\t\t<div class=\"ekit-wid-con\" ><div class=\"ekit-heading elementskit-section-title-wraper text_left   ekit_heading_tablet-   ekit_heading_mobile-\">\t\t\t\t<div class='ekit-heading__description'>\n\t\t\t\t\t<h5>\u00bb D\u00e9poser votre demande manuscrite en pr\u00e9cisant le service et la dur\u00e9e du stage d\u00e9pos\u00e9e au BO ;<\/h5>\n<h5>\u00bb Une lettre (accord de principe) est adress\u00e9e \u00e0 l\u2019int\u00e9ress\u00e9 soit par voix postale soit par Email l\u2019invitant \u00e0 constituer son dossier :<\/h5>\n<p>\u2192 Une lettre de motivation \u00e9manant des responsables ou encadrant de sa facult\u00e9 ;<br \/>\n\u2192 Une police d\u2019assurance couvrant les risques d\u2019accidents durant la p\u00e9riode de son stage ;<br \/>\n\u2192 La convention individuelle de stage dument sign\u00e9e par l\u2019administration de sa facult\u00e9.<\/p>\n\t\t\t\t<\/div>\n\t\t\t<\/div><\/div>\t\t<\/div>\n\t\t\t\t<\/div>\n\t\t\t\t\t\t<\/div>\n\t\t\t\t\t<\/div>\n\t\t<\/div>\n\t\t\t\t\t\t\t\t<\/div>\n\t\t\t\t\t<\/div>\n\t\t<\/section>\n\t\t\t\t\t\t<\/div>\n\t\t\t\t\t\t<\/div>\n\t\t\t\t\t<\/div>\n\t\t","protected":false},"excerpt":{"rendered":"","protected":false},"author":1,"featured_media":0,"parent":0,"menu_order":0,"comment_status":"closed","ping_status":"closed","template":"elementor_header_footer","meta":[],"_links":{"self":[{"href":"http:\/\/chusm.ma\/index.php?rest_route=\/wp\/v2\/pages\/7754"}],"collection":[{"href":"http:\/\/chusm.ma\/index.php?rest_route=\/wp\/v2\/pages"}],"about":[{"href":"http:\/\/chusm.ma\/index.php?rest_route=\/wp\/v2\/types\/page"}],"author":[{"embeddable":true,"href":"http:\/\/chusm.ma\/index.php?rest_route=\/wp\/v2\/users\/1"}],"replies":[{"embeddable":true,"href":"http:\/\/chusm.ma\/index.php?rest_route=%2Fwp%2Fv2%2Fcomments&post=7754"}],"version-history":[{"count":4,"href":"http:\/\/chusm.ma\/index.php?rest_route=\/wp\/v2\/pages\/7754\/revisions"}],"predecessor-version":[{"id":11004,"href":"http:\/\/chusm.ma\/index.php?rest_route=\/wp\/v2\/pages\/7754\/revisions\/11004"}],"wp:attachment":[{"href":"http:\/\/chusm.ma\/index.php?rest_route=%2Fwp%2Fv2%2Fmedia&parent=7754"}],"curies":[{"name":"wp","href":"https:\/\/api.w.org\/{rel}","templated":true}]}}