{"id":7722,"date":"2022-05-31T17:45:43","date_gmt":"2022-05-31T15:45:43","guid":{"rendered":"https:\/\/www.pixelconcept1.com\/chu-sm\/?page_id=7722"},"modified":"2023-07-12T16:22:07","modified_gmt":"2023-07-12T15:22:07","slug":"formation-continue","status":"publish","type":"page","link":"http:\/\/chusm.ma\/?page_id=7722","title":{"rendered":"Formation continue"},"content":{"rendered":"\t\t<div data-elementor-type=\"wp-post\" data-elementor-id=\"7722\" class=\"elementor elementor-7722\" data-elementor-settings=\"[]\">\n\t\t\t\t\t\t<div class=\"elementor-inner\">\n\t\t\t\t\t\t\t<div class=\"elementor-section-wrap\">\n\t\t\t\t\t\t\t<section class=\"elementor-section elementor-top-section elementor-element elementor-element-75f54b3 elementor-section-full_width elementor-section-content-top elementor-section-stretched elementor-section-height-default elementor-section-height-default\" data-id=\"75f54b3\" data-element_type=\"section\" data-settings=\"{&quot;stretch_section&quot;:&quot;section-stretched&quot;}\">\n\t\t\t\t\t\t<div class=\"elementor-container elementor-column-gap-no\">\n\t\t\t\t\t\t\t<div class=\"elementor-row\">\n\t\t\t\t\t<div class=\"elementor-column elementor-col-100 elementor-top-column elementor-element elementor-element-18a1c34\" data-id=\"18a1c34\" data-element_type=\"column\">\n\t\t\t<div class=\"elementor-column-wrap elementor-element-populated\">\n\t\t\t\t\t\t\t<div class=\"elementor-widget-wrap\">\n\t\t\t\t\t\t<div class=\"elementor-element elementor-element-3c4c6c1 elementor-widget elementor-widget-image\" data-id=\"3c4c6c1\" data-element_type=\"widget\" data-widget_type=\"image.default\">\n\t\t\t\t<div class=\"elementor-widget-container\">\n\t\t\t\t\t\t\t\t<div class=\"elementor-image\">\n\t\t\t\t\t\t\t\t\t\t\t\t<img decoding=\"async\" width=\"1920\" height=\"250\" src=\"http:\/\/chusm.ma\/wp-content\/uploads\/2022\/05\/formation-ex.jpg\" class=\"attachment-full size-full\" alt=\"\" loading=\"lazy\" srcset=\"http:\/\/chusm.ma\/wp-content\/uploads\/2022\/05\/formation-ex.jpg 1920w, http:\/\/chusm.ma\/wp-content\/uploads\/2022\/05\/formation-ex-300x39.jpg 300w, http:\/\/chusm.ma\/wp-content\/uploads\/2022\/05\/formation-ex-1024x133.jpg 1024w, http:\/\/chusm.ma\/wp-content\/uploads\/2022\/05\/formation-ex-768x100.jpg 768w, http:\/\/chusm.ma\/wp-content\/uploads\/2022\/05\/formation-ex-1536x200.jpg 1536w\" sizes=\"(max-width: 1920px) 100vw, 1920px\" \/>\t\t\t\t\t\t\t\t\t\t\t\t\t\t<\/div>\n\t\t\t\t\t\t<\/div>\n\t\t\t\t<\/div>\n\t\t\t\t\t\t<\/div>\n\t\t\t\t\t<\/div>\n\t\t<\/div>\n\t\t\t\t\t\t\t\t<\/div>\n\t\t\t\t\t<\/div>\n\t\t<\/section>\n\t\t\t\t<section class=\"elementor-section elementor-top-section elementor-element elementor-element-18268bd animated-slow elementor-section-boxed elementor-section-height-default elementor-section-height-default elementor-invisible\" data-id=\"18268bd\" data-element_type=\"section\" data-settings=\"{&quot;animation&quot;:&quot;fadeInUp&quot;}\">\n\t\t\t\t\t\t<div class=\"elementor-container elementor-column-gap-default\">\n\t\t\t\t\t\t\t<div class=\"elementor-row\">\n\t\t\t\t\t<div class=\"elementor-column elementor-col-100 elementor-top-column elementor-element elementor-element-79151f2\" data-id=\"79151f2\" data-element_type=\"column\">\n\t\t\t<div class=\"elementor-column-wrap elementor-element-populated\">\n\t\t\t\t\t\t\t<div class=\"elementor-widget-wrap\">\n\t\t\t\t\t\t<div class=\"elementor-element elementor-element-3873beb elementor-widget elementor-widget-heading\" data-id=\"3873beb\" data-element_type=\"widget\" data-widget_type=\"heading.default\">\n\t\t\t\t<div class=\"elementor-widget-container\">\n\t\t\t<h2 class=\"elementor-heading-title elementor-size-default\">Formation Continue<\/h2>\t\t<\/div>\n\t\t\t\t<\/div>\n\t\t\t\t\t\t<\/div>\n\t\t\t\t\t<\/div>\n\t\t<\/div>\n\t\t\t\t\t\t\t\t<\/div>\n\t\t\t\t\t<\/div>\n\t\t<\/section>\n\t\t\t\t<section class=\"elementor-section elementor-top-section elementor-element elementor-element-f3e43fc xs_open_clinic elementor-section-boxed elementor-section-height-default elementor-section-height-default\" data-id=\"f3e43fc\" data-element_type=\"section\" data-settings=\"{&quot;background_background&quot;:&quot;classic&quot;}\">\n\t\t\t\t\t\t<div class=\"elementor-container elementor-column-gap-default\">\n\t\t\t\t\t\t\t<div class=\"elementor-row\">\n\t\t\t\t\t<div class=\"elementor-column elementor-col-100 elementor-top-column elementor-element elementor-element-2ffedfe\" data-id=\"2ffedfe\" data-element_type=\"column\">\n\t\t\t<div class=\"elementor-column-wrap elementor-element-populated\">\n\t\t\t\t\t\t\t<div class=\"elementor-widget-wrap\">\n\t\t\t\t\t\t<div class=\"elementor-element elementor-element-52e1db1 elementor-widget__width-initial elementor-widget elementor-widget-elementskit-heading\" data-id=\"52e1db1\" data-element_type=\"widget\" data-widget_type=\"elementskit-heading.default\">\n\t\t\t\t<div class=\"elementor-widget-container\">\n\t\t\t<div class=\"ekit-wid-con\" ><div class=\"ekit-heading elementskit-section-title-wraper    ekit_heading_tablet-   ekit_heading_mobile-\">\t\t\t\t<div class='ekit-heading__description'>\n\t\t\t\t\t<p>Dans un monde de travail toujours en mouvance et eu \u00e9gard \u00e0 l\u2019\u00e9volution des sciences et des technologies, la formation initiale seule ne peut satisfaire les besoins d\u2019une vie professionnelle. De ce fait, les organisations qui aspirent \u00e0 l\u2019excellence d\u00e9veloppent des strat\u00e9gies efficaces de formation continue.<br \/>\nDe surcroit, dans le domaine de sant\u00e9, les obligations \u00e9thiques des professionnels envers les personnes qui vivent des exp\u00e9riences de sant\u00e9 s\u2019av\u00e8rent un incitatif indispensable \u00e0 la recherche constante de nouveaux savoirs. En effet, nul ne peut pr\u00e9tendre au professionnalisme loin de la recherche constante de nouveaux savoirs.<br \/>\nDans cette optique et \u0153uvrant \u00e0 sa mission de formation, conform\u00e9ment \u00e0 la loi 70-13, le CHU Souss Massa \u00e0 l\u2019instar des autres Centres hospitalo-Universitaires, investit en temps et en argents en formation continue sur la base de principes directeurs d\u2019ing\u00e9nierie de formation continue afin de renforcer les comp\u00e9tences des professionnels de sant\u00e9 et ce, en coordination avec les autorit\u00e9s gouvernementales, les organismes professionnels de sant\u00e9 et les soci\u00e9t\u00e9s savantes concern\u00e9es.<br \/>\nDans ce cadre, le CHU Souss Massa \u00e9labore chaque ann\u00e9e un plan de formation conciliant l\u2019offre et la demande en formation continue. En effet, cette logique mixte permet de satisfaire les besoins en formation continue ressentis et exprim\u00e9s par les professionnels de sant\u00e9 ; ceux d\u00e9montr\u00e9s \u00e0 travers les missions de supervision ainsi que les besoins d\u2019ordre normatifs et institutionnels.<br \/>\nCette mission de formation continue au niveau du CHU Souss Massa est confi\u00e9e au service de formation continue et gestion des comp\u00e9tences et ce, conform\u00e9ment \u00e0 l\u2019article 24 de l\u2019organisation du CHU Souss Massa (2021).<\/p>\n\t\t\t\t<\/div>\n\t\t\t<\/div><\/div>\t\t<\/div>\n\t\t\t\t<\/div>\n\t\t\t\t\t\t<\/div>\n\t\t\t\t\t<\/div>\n\t\t<\/div>\n\t\t\t\t\t\t\t\t<\/div>\n\t\t\t\t\t<\/div>\n\t\t<\/section>\n\t\t\t\t<section class=\"elementor-section elementor-top-section elementor-element elementor-element-ad8b481 xs_open_clinic elementor-section-boxed elementor-section-height-default elementor-section-height-default\" data-id=\"ad8b481\" data-element_type=\"section\" data-settings=\"{&quot;background_background&quot;:&quot;classic&quot;}\">\n\t\t\t\t\t\t<div class=\"elementor-container elementor-column-gap-default\">\n\t\t\t\t\t\t\t<div class=\"elementor-row\">\n\t\t\t\t\t<div class=\"elementor-column elementor-col-50 elementor-top-column elementor-element elementor-element-3d67d5d animated-slow elementor-invisible\" data-id=\"3d67d5d\" data-element_type=\"column\" data-settings=\"{&quot;animation&quot;:&quot;fadeInLeft&quot;}\">\n\t\t\t<div class=\"elementor-column-wrap elementor-element-populated\">\n\t\t\t\t\t\t\t<div class=\"elementor-widget-wrap\">\n\t\t\t\t\t\t<div class=\"elementor-element elementor-element-4cf7ffb elementor-absolute elementor-hidden-phone elementor-widget__width-initial elementor-widget elementor-widget-image\" data-id=\"4cf7ffb\" data-element_type=\"widget\" data-settings=\"{&quot;_position&quot;:&quot;absolute&quot;}\" data-widget_type=\"image.default\">\n\t\t\t\t<div class=\"elementor-widget-container\">\n\t\t\t\t\t\t\t\t<div class=\"elementor-image\">\n\t\t\t\t\t\t\t\t\t\t\t\t<img decoding=\"async\" width=\"44\" height=\"184\" src=\"http:\/\/chusm.ma\/wp-content\/uploads\/2020\/01\/home-5-clinic-dots.png\" class=\"attachment-large size-large\" alt=\"\" loading=\"lazy\" \/>\t\t\t\t\t\t\t\t\t\t\t\t\t\t<\/div>\n\t\t\t\t\t\t<\/div>\n\t\t\t\t<\/div>\n\t\t\t\t\t\t<\/div>\n\t\t\t\t\t<\/div>\n\t\t<\/div>\n\t\t\t\t<div class=\"elementor-column elementor-col-50 elementor-top-column elementor-element elementor-element-f1cc8d0\" data-id=\"f1cc8d0\" data-element_type=\"column\">\n\t\t\t<div class=\"elementor-column-wrap elementor-element-populated\">\n\t\t\t\t\t\t\t<div class=\"elementor-widget-wrap\">\n\t\t\t\t\t\t<div class=\"elementor-element elementor-element-58849a5 elementor-widget__width-initial elementor-widget elementor-widget-elementskit-heading\" data-id=\"58849a5\" data-element_type=\"widget\" data-widget_type=\"elementskit-heading.default\">\n\t\t\t\t<div class=\"elementor-widget-container\">\n\t\t\t<div class=\"ekit-wid-con\" ><div class=\"ekit-heading elementskit-section-title-wraper    ekit_heading_tablet-   ekit_heading_mobile-\"><div class=\"ekit-heading--title elementskit-section-title \">\n\t\t\t\t\t1.\tLe Service de Formation Continue et Gestion des Comp\u00e9tences \n\t\t\t\t<\/div>\t\t\t\t<div class='ekit-heading__description'>\n\t\t\t\t\t<h5>Ce service est charg\u00e9 de :<\/h5>\n<p>\u2192 Contribuer \u00e0 la mise en place de la strat\u00e9gie de formation continue adapt\u00e9e au Centre ;<br \/>\n\u2192 S\u2019aligner aux orientations pr\u00e9d\u00e9finies dans le Projet d\u2019Etablissement en mati\u00e8re de formation continue ;<br \/>\n\u2192 Centraliser les besoins du Centre en formation continue ;<br \/>\n\u2192 Assurer la coh\u00e9rence de l\u2019ensemble des programmes de formation continue ;<br \/>\n\u2192 Etablir le plan de formation continue ;<br \/>\n\u2192 Evaluer d\u2019une mani\u00e8re permanente l\u2019ad\u00e9quation de la formation du personnel par rapport aux exigences des m\u00e9tiers et de l\u2019emploi et r\u00e9adapter en cons\u00e9quence les programmes de formation ;<br \/>\n\u2192 S\u2019assurer de l\u2019ex\u00e9cution des actions de formation ;<br \/>\n\u2192 Assurer la gestion des stages au niveau de la Direction du Centre ;<br \/>\n\u2192 Assurer le suivi de la situation des stages au niveau des \u00e9tablissements hospitaliers ;<br \/>\n\u2192 \u00c9laborer le plan d'action du service ;<br \/>\n\u2192 Formaliser et mettre en \u0153uvre les proc\u00e9dures relatives \u00e0 l\u2019activit\u00e9 du service et veiller \u00e0 leur mise \u00e0 jour ;<br \/>\n\u2192 Elaborer, mettre en place et \u00e9valuer les indicateurs de suivi de l\u2019activit\u00e9 du service ;<br \/>\n\u2192 Produire semestriellement le bilan d\u2019activit\u00e9 du service.<\/p>\n\t\t\t\t<\/div>\n\t\t\t<\/div><\/div>\t\t<\/div>\n\t\t\t\t<\/div>\n\t\t\t\t\t\t<\/div>\n\t\t\t\t\t<\/div>\n\t\t<\/div>\n\t\t\t\t\t\t\t\t<\/div>\n\t\t\t\t\t<\/div>\n\t\t<\/section>\n\t\t\t\t\t\t<\/div>\n\t\t\t\t\t\t<\/div>\n\t\t\t\t\t<\/div>\n\t\t","protected":false},"excerpt":{"rendered":"","protected":false},"author":1,"featured_media":0,"parent":0,"menu_order":0,"comment_status":"closed","ping_status":"closed","template":"elementor_header_footer","meta":[],"_links":{"self":[{"href":"http:\/\/chusm.ma\/index.php?rest_route=\/wp\/v2\/pages\/7722"}],"collection":[{"href":"http:\/\/chusm.ma\/index.php?rest_route=\/wp\/v2\/pages"}],"about":[{"href":"http:\/\/chusm.ma\/index.php?rest_route=\/wp\/v2\/types\/page"}],"author":[{"embeddable":true,"href":"http:\/\/chusm.ma\/index.php?rest_route=\/wp\/v2\/users\/1"}],"replies":[{"embeddable":true,"href":"http:\/\/chusm.ma\/index.php?rest_route=%2Fwp%2Fv2%2Fcomments&post=7722"}],"version-history":[{"count":2,"href":"http:\/\/chusm.ma\/index.php?rest_route=\/wp\/v2\/pages\/7722\/revisions"}],"predecessor-version":[{"id":10892,"href":"http:\/\/chusm.ma\/index.php?rest_route=\/wp\/v2\/pages\/7722\/revisions\/10892"}],"wp:attachment":[{"href":"http:\/\/chusm.ma\/index.php?rest_route=%2Fwp%2Fv2%2Fmedia&parent=7722"}],"curies":[{"name":"wp","href":"https:\/\/api.w.org\/{rel}","templated":true}]}}