{"id":7617,"date":"2022-05-25T10:43:48","date_gmt":"2022-05-25T08:43:48","guid":{"rendered":"https:\/\/www.pixelconcept1.com\/chu-sm\/?page_id=7617"},"modified":"2022-06-29T18:22:04","modified_gmt":"2022-06-29T16:22:04","slug":"conditions-accompagnant","status":"publish","type":"page","link":"http:\/\/chusm.ma\/?page_id=7617","title":{"rendered":"Conditions Accompagnant"},"content":{"rendered":"\t\t<div data-elementor-type=\"wp-post\" data-elementor-id=\"7617\" class=\"elementor elementor-7617\" data-elementor-settings=\"[]\">\n\t\t\t\t\t\t<div class=\"elementor-inner\">\n\t\t\t\t\t\t\t<div class=\"elementor-section-wrap\">\n\t\t\t\t\t\t\t<section class=\"elementor-section elementor-top-section elementor-element elementor-element-22216ac elementor-section-full_width elementor-section-content-top elementor-section-stretched elementor-section-height-default elementor-section-height-default\" data-id=\"22216ac\" data-element_type=\"section\" data-settings=\"{&quot;stretch_section&quot;:&quot;section-stretched&quot;}\">\n\t\t\t\t\t\t<div class=\"elementor-container elementor-column-gap-no\">\n\t\t\t\t\t\t\t<div class=\"elementor-row\">\n\t\t\t\t\t<div class=\"elementor-column elementor-col-100 elementor-top-column elementor-element elementor-element-1799359\" data-id=\"1799359\" data-element_type=\"column\">\n\t\t\t<div class=\"elementor-column-wrap elementor-element-populated\">\n\t\t\t\t\t\t\t<div class=\"elementor-widget-wrap\">\n\t\t\t\t\t\t<div class=\"elementor-element elementor-element-e70f05a elementor-widget elementor-widget-image\" data-id=\"e70f05a\" data-element_type=\"widget\" data-widget_type=\"image.default\">\n\t\t\t\t<div class=\"elementor-widget-container\">\n\t\t\t\t\t\t\t\t<div class=\"elementor-image\">\n\t\t\t\t\t\t\t\t\t\t\t\t<img decoding=\"async\" width=\"1920\" height=\"250\" src=\"http:\/\/chusm.ma\/wp-content\/uploads\/2022\/05\/visiter.jpg\" class=\"attachment-full size-full\" alt=\"\" loading=\"lazy\" srcset=\"http:\/\/chusm.ma\/wp-content\/uploads\/2022\/05\/visiter.jpg 1920w, http:\/\/chusm.ma\/wp-content\/uploads\/2022\/05\/visiter-300x39.jpg 300w, http:\/\/chusm.ma\/wp-content\/uploads\/2022\/05\/visiter-1024x133.jpg 1024w, http:\/\/chusm.ma\/wp-content\/uploads\/2022\/05\/visiter-768x100.jpg 768w, http:\/\/chusm.ma\/wp-content\/uploads\/2022\/05\/visiter-1536x200.jpg 1536w\" sizes=\"(max-width: 1920px) 100vw, 1920px\" \/>\t\t\t\t\t\t\t\t\t\t\t\t\t\t<\/div>\n\t\t\t\t\t\t<\/div>\n\t\t\t\t<\/div>\n\t\t\t\t\t\t<\/div>\n\t\t\t\t\t<\/div>\n\t\t<\/div>\n\t\t\t\t\t\t\t\t<\/div>\n\t\t\t\t\t<\/div>\n\t\t<\/section>\n\t\t\t\t<section class=\"elementor-section elementor-top-section elementor-element elementor-element-d59d854 animated-slow elementor-section-boxed elementor-section-height-default elementor-section-height-default elementor-invisible\" data-id=\"d59d854\" data-element_type=\"section\" data-settings=\"{&quot;animation&quot;:&quot;fadeInUp&quot;}\">\n\t\t\t\t\t\t<div class=\"elementor-container elementor-column-gap-default\">\n\t\t\t\t\t\t\t<div class=\"elementor-row\">\n\t\t\t\t\t<div class=\"elementor-column elementor-col-100 elementor-top-column elementor-element elementor-element-4dcf94c\" data-id=\"4dcf94c\" data-element_type=\"column\">\n\t\t\t<div class=\"elementor-column-wrap elementor-element-populated\">\n\t\t\t\t\t\t\t<div class=\"elementor-widget-wrap\">\n\t\t\t\t\t\t<div class=\"elementor-element elementor-element-4f4c4da elementor-widget elementor-widget-heading\" data-id=\"4f4c4da\" data-element_type=\"widget\" data-widget_type=\"heading.default\">\n\t\t\t\t<div class=\"elementor-widget-container\">\n\t\t\t<h2 class=\"elementor-heading-title elementor-size-default\">Accompagnant <\/h2>\t\t<\/div>\n\t\t\t\t<\/div>\n\t\t\t\t\t\t<\/div>\n\t\t\t\t\t<\/div>\n\t\t<\/div>\n\t\t\t\t\t\t\t\t<\/div>\n\t\t\t\t\t<\/div>\n\t\t<\/section>\n\t\t\t\t<section class=\"elementor-section elementor-top-section elementor-element elementor-element-d43293f xs_open_clinic elementor-section-boxed elementor-section-height-default elementor-section-height-default\" data-id=\"d43293f\" data-element_type=\"section\" data-settings=\"{&quot;background_background&quot;:&quot;classic&quot;}\">\n\t\t\t\t\t\t<div class=\"elementor-container elementor-column-gap-default\">\n\t\t\t\t\t\t\t<div class=\"elementor-row\">\n\t\t\t\t\t<div class=\"elementor-column elementor-col-50 elementor-top-column elementor-element elementor-element-c652c33 animated-slow elementor-invisible\" data-id=\"c652c33\" data-element_type=\"column\" data-settings=\"{&quot;animation&quot;:&quot;fadeInLeft&quot;}\">\n\t\t\t<div class=\"elementor-column-wrap elementor-element-populated\">\n\t\t\t\t\t\t\t<div class=\"elementor-widget-wrap\">\n\t\t\t\t\t\t<div class=\"elementor-element elementor-element-6a949ca elementor-absolute elementor-hidden-phone elementor-widget__width-initial elementor-widget elementor-widget-image\" data-id=\"6a949ca\" data-element_type=\"widget\" data-settings=\"{&quot;_position&quot;:&quot;absolute&quot;}\" data-widget_type=\"image.default\">\n\t\t\t\t<div class=\"elementor-widget-container\">\n\t\t\t\t\t\t\t\t<div class=\"elementor-image\">\n\t\t\t\t\t\t\t\t\t\t\t\t<img decoding=\"async\" width=\"44\" height=\"184\" src=\"http:\/\/chusm.ma\/wp-content\/uploads\/2020\/01\/home-5-clinic-dots.png\" class=\"attachment-large size-large\" alt=\"\" loading=\"lazy\" \/>\t\t\t\t\t\t\t\t\t\t\t\t\t\t<\/div>\n\t\t\t\t\t\t<\/div>\n\t\t\t\t<\/div>\n\t\t\t\t\t\t<\/div>\n\t\t\t\t\t<\/div>\n\t\t<\/div>\n\t\t\t\t<div class=\"elementor-column elementor-col-50 elementor-top-column elementor-element elementor-element-f148886\" data-id=\"f148886\" data-element_type=\"column\">\n\t\t\t<div class=\"elementor-column-wrap elementor-element-populated\">\n\t\t\t\t\t\t\t<div class=\"elementor-widget-wrap\">\n\t\t\t\t\t\t<div class=\"elementor-element elementor-element-69fe92e elementor-widget__width-initial elementor-widget elementor-widget-elementskit-heading\" data-id=\"69fe92e\" data-element_type=\"widget\" data-widget_type=\"elementskit-heading.default\">\n\t\t\t\t<div class=\"elementor-widget-container\">\n\t\t\t<div class=\"ekit-wid-con\" ><div class=\"ekit-heading elementskit-section-title-wraper    ekit_heading_tablet-   ekit_heading_mobile-\"><div class=\"ekit-heading--title elementskit-section-title \">\n\t\t\t\t\tConditions\n\t\t\t\t<\/div>\t\t\t\t<div class='ekit-heading__description'>\n\t\t\t\t\t<p>&#x25CF; Autorisation d\u2019admission par le directeur de l\u2019h\u00f4pital si le patient exprime le d\u00e9sir et s'engage \u00e0 payer les frais de s\u00e9jour de l\u2019accompagnant ;<br \/>\n&#x25CF; Les patients hospitalis\u00e9s en chambre commune ou sous le r\u00e9gime de la gratuit\u00e9 ne peuvent pr\u00e9tendre \u00e0 l\u2019admission d\u2019un accompagnant ;<br \/>\n&#x25CF; La maman qui allaite est retenue syst\u00e9matiquement aupr\u00e8s de son enfant ;<br \/>\n&#x25CF; La m\u00e8re d\u2019un patient mineur, particuli\u00e8rement, de moins de 5 ans ou son repr\u00e9sentant l\u00e9gal de sexe f\u00e9minin, peut \u00eatre autoris\u00e9 \u00e0 rester aupr\u00e8s de l\u2019enfant pendant le s\u00e9jour de ce dernier \u00e0 l\u2019h\u00f4pital ;<br \/>\n&#x25CF; L\u2019accompagnant n\u2019est pas nourrit \u00e0 l\u2019h\u00f4pital ;<br \/>\n&#x25CF; L\u2019accompagnant est tenu de se conformer au r\u00e8glement int\u00e9rieur de l\u2019h\u00f4pital et de ne pas perturber le fonctionnement du service sous peine d\u2019exclusion ;<br \/>\n&#x25CF; Si les n\u00e9cessit\u00e9s de service requi\u00e8rent l\u2019utilisation du lit occup\u00e9 par l\u2019accompagnant, ce dernier ne peut se pr\u00e9valoir \u00e0 son maintien \u00e0 l\u2019h\u00f4pital ;<br \/>\n&#x25CF; Pratiquer l\u2019hygi\u00e8ne des mains le plus souvent avec du savon ou une solution hydro-alcoolique ;<br \/>\n&#x25CF; Portez votre masque obligatoirement en respectant les mesures suivantes :<\/p>\n\t\t\t\t<\/div>\n\t\t\t<\/div><\/div>\t\t<\/div>\n\t\t\t\t<\/div>\n\t\t\t\t<div class=\"elementor-element elementor-element-56472d4 elementor-widget__width-initial elementor-widget elementor-widget-elementskit-heading\" data-id=\"56472d4\" data-element_type=\"widget\" data-widget_type=\"elementskit-heading.default\">\n\t\t\t\t<div class=\"elementor-widget-container\">\n\t\t\t<div class=\"ekit-wid-con\" ><div class=\"ekit-heading elementskit-section-title-wraper text_left   ekit_heading_tablet-   ekit_heading_mobile-\">\t\t\t\t<div class='ekit-heading__description'>\n\t\t\t\t\t<p>\u2794 Couvrir la bouche, le nez et le menton ;<br \/>\n\u2794 Etre gard\u00e9 en pr\u00e9sence d\u2019autres personnes.<\/p>\n\t\t\t\t<\/div>\n\t\t\t<\/div><\/div>\t\t<\/div>\n\t\t\t\t<\/div>\n\t\t\t\t<div class=\"elementor-element elementor-element-60b3902 elementor-widget__width-initial elementor-widget elementor-widget-elementskit-heading\" data-id=\"60b3902\" data-element_type=\"widget\" data-widget_type=\"elementskit-heading.default\">\n\t\t\t\t<div class=\"elementor-widget-container\">\n\t\t\t<div class=\"ekit-wid-con\" ><div class=\"ekit-heading elementskit-section-title-wraper text_left   ekit_heading_tablet-   ekit_heading_mobile-\"><div class=\"ekit-heading--title elementskit-section-title \">\n\t\t\t\t\tFormalit\u00e9s\n\t\t\t\t<\/div>\t\t\t\t<div class='ekit-heading__description'>\n\t\t\t\t\t<h5>Se pr\u00e9senter au BAF muni des pi\u00e8ces suivantes :<\/h5>\n<p>\u2794 Copie de la CNIE de l\u2019accompagnant (recto\/verso) ;<br \/>\n\u2794 Pi\u00e8ce justifiant le lien de parent\u00e9, ou tout autre lien si enfant hospitalis\u00e9 ;<br \/>\n\u2794 D\u00e9cision m\u00e9dicale d\u2019hospitalisation de la personne hospitalis\u00e9e.<\/p>\n\t\t\t\t<\/div>\n\t\t\t<\/div><\/div>\t\t<\/div>\n\t\t\t\t<\/div>\n\t\t\t\t<div class=\"elementor-element elementor-element-740ac01 elementor-widget__width-initial elementor-widget elementor-widget-elementskit-heading\" data-id=\"740ac01\" data-element_type=\"widget\" data-widget_type=\"elementskit-heading.default\">\n\t\t\t\t<div class=\"elementor-widget-container\">\n\t\t\t<div class=\"ekit-wid-con\" ><div class=\"ekit-heading elementskit-section-title-wraper text_left   ekit_heading_tablet-   ekit_heading_mobile-\"><div class=\"ekit-heading--title elementskit-section-title \">\n\t\t\t\t\tFrais de s\u00e9jour \n\t\t\t\t<\/div><\/div><\/div>\t\t<\/div>\n\t\t\t\t<\/div>\n\t\t\t\t\t\t<\/div>\n\t\t\t\t\t<\/div>\n\t\t<\/div>\n\t\t\t\t\t\t\t\t<\/div>\n\t\t\t\t\t<\/div>\n\t\t<\/section>\n\t\t\t\t<section class=\"elementor-section elementor-top-section elementor-element elementor-element-6c12532 elementor-section-boxed elementor-section-height-default elementor-section-height-default\" data-id=\"6c12532\" data-element_type=\"section\">\n\t\t\t\t\t\t<div class=\"elementor-container elementor-column-gap-default\">\n\t\t\t\t\t\t\t<div class=\"elementor-row\">\n\t\t\t\t\t<div class=\"elementor-column elementor-col-100 elementor-top-column elementor-element elementor-element-6936bfb\" data-id=\"6936bfb\" data-element_type=\"column\">\n\t\t\t<div class=\"elementor-column-wrap elementor-element-populated\">\n\t\t\t\t\t\t\t<div class=\"elementor-widget-wrap\">\n\t\t\t\t\t\t<div class=\"elementor-element elementor-element-a11c574 elementor-widget elementor-widget-shortcode\" data-id=\"a11c574\" data-element_type=\"widget\" data-widget_type=\"shortcode.default\">\n\t\t\t\t<div class=\"elementor-widget-container\">\n\t\t\t\t\t<div class=\"elementor-shortcode\"><div class=\"wptb-table-container wptb-table-8055\"><div class=\"wptb-table-container-matrix\" id=\"wptb-table-id-8055\" data-wptb-version=\"1.4.2\" data-wptb-pro-status=\"true\"><table class=\"wptb-preview-table wptb-element-main-table_setting-7990\" data-reconstraction=\"1\" style=\"border: 0px solid rgb(193, 193, 193);\" data-wptb-table-tds-sum-max-width=\"790\" role=\"table\" data-wptb-header-background-color=\"\" data-wptb-even-row-background-color=\"#ffffff\" data-wptb-odd-row-background-color=\"#ffffff\" data-table-columns=\"3\" data-wptb-table-directives=\"eyJpbm5lckJvcmRlcnMiOnsiYWN0aXZlIjoiYWxsIiwiYm9yZGVyV2lkdGgiOiIxIiwiYm9yZGVyUmFkaXVzZXMiOnsiYWxsIjpudWxsfX19\" data-wptb-horizontal-scroll-status=\"false\" data-wptb-extra-styles=\"LyogRW50ZXIgeW91ciBjdXN0b20gQ1NTIHJ1bGVzIGhlcmUgKi8=\" data-wptb-table-alignment=\"center\"><tbody><tr class=\"wptb-row\" style=\"\"><td class=\"wptb-cell\" style=\"border-width: 1px; border-style: none; border-color: rgb(193, 193, 193); width: 215px; background-color: rgb(115, 127, 214); padding: 10px;\" data-x-index=\"0\" data-y-index=\"0\" data-wptb-own-bg-color=\"#737FD6FF\"><div class=\"wptb-text-container wptb-ph-element wptb-element-text-1\" style=\"padding: 0px; margin: 0px; color: rgb(255, 255, 255); font-size: 15px;\"><div class=\"\" style=\"position: relative;\"><p style=\"text-align: center;\">Accompagnement &agrave; la demande du patient<\/p><\/div><\/div><\/td><td class=\"wptb-cell\" style=\"border-width: 1px; border-style: none; border-color: rgb(193, 193, 193); background-color: rgb(136, 136, 230); padding: 10px; width: 215px;\" data-x-index=\"1\" data-y-index=\"0\" colspan=\"1\" rowspan=\"1\" data-wptb-own-bg-color=\"#8888E6FF\"><div class=\"wptb-text-container wptb-ph-element wptb-element-text-3\" style=\"padding: 0px; margin: 0px; color: rgb(255, 255, 255); font-size: 15px;\"><div class=\"\" style=\"position: relative;\"><p style=\"text-align: center;\">Accompagnement &agrave; la demande du service<\/p><\/div><\/div><\/td><td class=\"wptb-cell\" style=\"border-width: 1px; border-style: none; border-color: rgb(193, 193, 193); background-color: rgb(158, 161, 223); width: 300px; padding: 10px;\" data-x-index=\"2\" data-y-index=\"0\" data-wptb-own-bg-color=\"#9EA1DFFF\"><div class=\"wptb-text-container wptb-ph-element wptb-element-text-2\" style=\"padding: 0px; margin: 0px; color: rgb(255, 255, 255); font-size: 15px;\"><div class=\"\" style=\"position: relative;\"><p style=\"text-align: center;\">Accompagnement exceptionnel&nbsp;: service p&eacute;diatrique (r&eacute;animation et soins intensif)<\/p><\/div><\/div><\/td><\/tr><tr class=\"wptb-row\" style=\"background-color: rgb(255, 255, 255);\" data-wptb-bg-color=\"\"><td class=\"wptb-cell\" style=\"border-width: 1px; border-style: solid; border-color: rgb(193, 193, 193); width: 215px; padding: 10px;\" colspan=\"1\" rowspan=\"1\" data-x-index=\"0\" data-y-index=\"1\"><div class=\"wptb-text-container wptb-ph-element wptb-element-text-38\" style=\"color: rgb(74, 85, 104); font-size: 15px; padding: 0px; margin: 0px;\"><div class=\"\" style=\"position: relative;\"><p class=\"\" style=\"text-align: center;\">dhs\/jours<\/p><\/div><\/div><\/td><td class=\"wptb-cell\" style=\"border-width: 1px; border-style: solid; border-color: rgb(193, 193, 193); width: 215px; padding: 10px;\" data-x-index=\"1\" data-y-index=\"1\"><div class=\"wptb-text-container wptb-ph-element wptb-element-text-40\" style=\"padding: 0px; margin: 0px; color: rgb(74, 85, 104); font-size: 15px;\"><div class=\"\" style=\"position: relative;\"><p style=\"text-align: center;\">dhs\/jours<\/p><\/div><\/div><\/td><td class=\"wptb-cell\" style=\"border-width: 1px; border-style: solid; border-color: rgb(193, 193, 193); width: 300px; padding: 10px;\" data-x-index=\"2\" data-y-index=\"1\"><div class=\"wptb-text-container wptb-ph-element wptb-element-text-41\" style=\"padding: 0px; margin: 0px; color: rgb(74, 85, 104); font-size: 15px;\"><div class=\"\" style=\"position: relative;\"><p style=\"text-align: center;\">-<\/p><\/div><\/div><\/td><\/tr><tr class=\"wptb-row\" style=\"background-color: rgb(255, 255, 255);\"><td class=\"wptb-cell\" style=\"border-width: 1px; border-style: solid; border-color: rgb(193, 193, 193); width: 215px; padding: 10px;\" colspan=\"1\" rowspan=\"1\" data-x-index=\"0\" data-y-index=\"2\"><div class=\"wptb-text-container wptb-ph-element wptb-element-text-46\" style=\"color: rgb(74, 85, 104); font-size: 15px; padding: 0px; margin: 0px;\"><div class=\"\" style=\"position: relative;\"><p class=\"\" style=\"text-align: center;\">-<\/p><\/div><\/div><\/td><td class=\"wptb-cell\" style=\"border-width: 1px; border-style: solid; border-color: rgb(193, 193, 193); width: 215px; padding: 10px;\" data-x-index=\"1\" data-y-index=\"2\"><div class=\"wptb-text-container wptb-ph-element wptb-element-text-48\" style=\"padding: 0px; margin: 0px; color: rgb(74, 85, 104); font-size: 15px;\"><div class=\"\" style=\"position: relative;\"><p style=\"text-align: center;\">-<\/p><\/div><\/div><\/td><td class=\"wptb-cell\" style=\"border-width: 1px; border-style: solid; border-color: rgb(193, 193, 193); width: 300px; padding: 10px;\" data-x-index=\"2\" data-y-index=\"2\"><div class=\"wptb-text-container wptb-ph-element wptb-element-text-49\" style=\"padding: 0px; margin: 0px; color: rgb(74, 85, 104); font-size: 15px;\"><div class=\"\" style=\"position: relative;\"><p style=\"text-align: center;\">-<\/p><\/div><\/div><\/td><\/tr><tr class=\"wptb-row\" style=\"background-color: rgb(238, 236, 236);\" data-wptb-bg-color=\"#EEECECFF\"><td class=\"wptb-cell\" style=\"border-width: 1px; border-style: solid; border-color: rgb(193, 193, 193); width: 215px; padding: 10px;\" colspan=\"1\" rowspan=\"1\" data-x-index=\"0\" data-y-index=\"3\"><div class=\"wptb-text-container wptb-ph-element wptb-element-text-50\" style=\"color: rgb(74, 85, 104); font-size: 15px; padding: 0px; margin: 0px;\"><div class=\"\" style=\"position: relative;\"><p class=\"\" style=\"text-align: center;\">-<\/p><\/div><\/div><\/td><td class=\"wptb-cell\" style=\"border-width: 1px; border-style: solid; border-color: rgb(193, 193, 193); width: 215px; padding: 10px;\" data-x-index=\"1\" data-y-index=\"3\"><div class=\"wptb-text-container wptb-ph-element wptb-element-text-52\" style=\"padding: 0px; margin: 0px; color: rgb(74, 85, 104); font-size: 15px;\"><div class=\"\" style=\"position: relative;\"><p style=\"text-align: center;\">-<\/p><\/div><\/div><\/td><td class=\"wptb-cell\" style=\"border-width: 1px; border-style: solid; border-color: rgb(193, 193, 193); width: 300px; padding: 10px;\" data-x-index=\"2\" data-y-index=\"3\"><div class=\"wptb-text-container wptb-ph-element wptb-element-text-53\" style=\"padding: 0px; margin: 0px; color: rgb(74, 85, 104); font-size: 15px;\"><div class=\"\" style=\"position: relative;\"><p style=\"text-align: center;\">-<\/p><\/div><\/div><\/td><\/tr><\/tbody><\/table><\/div><\/div>\n\n<\/div>\n\t\t\t\t<\/div>\n\t\t\t\t<\/div>\n\t\t\t\t\t\t<\/div>\n\t\t\t\t\t<\/div>\n\t\t<\/div>\n\t\t\t\t\t\t\t\t<\/div>\n\t\t\t\t\t<\/div>\n\t\t<\/section>\n\t\t\t\t\t\t<\/div>\n\t\t\t\t\t\t<\/div>\n\t\t\t\t\t<\/div>\n\t\t","protected":false},"excerpt":{"rendered":"","protected":false},"author":1,"featured_media":0,"parent":0,"menu_order":0,"comment_status":"closed","ping_status":"closed","template":"elementor_header_footer","meta":[],"_links":{"self":[{"href":"http:\/\/chusm.ma\/index.php?rest_route=\/wp\/v2\/pages\/7617"}],"collection":[{"href":"http:\/\/chusm.ma\/index.php?rest_route=\/wp\/v2\/pages"}],"about":[{"href":"http:\/\/chusm.ma\/index.php?rest_route=\/wp\/v2\/types\/page"}],"author":[{"embeddable":true,"href":"http:\/\/chusm.ma\/index.php?rest_route=\/wp\/v2\/users\/1"}],"replies":[{"embeddable":true,"href":"http:\/\/chusm.ma\/index.php?rest_route=%2Fwp%2Fv2%2Fcomments&post=7617"}],"version-history":[{"count":0,"href":"http:\/\/chusm.ma\/index.php?rest_route=\/wp\/v2\/pages\/7617\/revisions"}],"wp:attachment":[{"href":"http:\/\/chusm.ma\/index.php?rest_route=%2Fwp%2Fv2%2Fmedia&parent=7617"}],"curies":[{"name":"wp","href":"https:\/\/api.w.org\/{rel}","templated":true}]}}