{"id":7479,"date":"2022-05-19T10:38:11","date_gmt":"2022-05-19T08:38:11","guid":{"rendered":"https:\/\/www.pixelconcept1.com\/chu-sm\/?page_id=7479"},"modified":"2023-07-12T09:37:37","modified_gmt":"2023-07-12T08:37:37","slug":"sortie","status":"publish","type":"page","link":"http:\/\/chusm.ma\/?page_id=7479","title":{"rendered":"Sortie"},"content":{"rendered":"\t\t<div data-elementor-type=\"wp-post\" data-elementor-id=\"7479\" class=\"elementor elementor-7479\" data-elementor-settings=\"[]\">\n\t\t\t\t\t\t<div class=\"elementor-inner\">\n\t\t\t\t\t\t\t<div class=\"elementor-section-wrap\">\n\t\t\t\t\t\t\t<section class=\"elementor-section elementor-top-section elementor-element elementor-element-75f54b3 elementor-section-full_width elementor-section-content-top elementor-section-stretched elementor-section-height-default elementor-section-height-default\" data-id=\"75f54b3\" data-element_type=\"section\" data-settings=\"{&quot;stretch_section&quot;:&quot;section-stretched&quot;}\">\n\t\t\t\t\t\t<div class=\"elementor-container elementor-column-gap-no\">\n\t\t\t\t\t\t\t<div class=\"elementor-row\">\n\t\t\t\t\t<div class=\"elementor-column elementor-col-100 elementor-top-column elementor-element elementor-element-18a1c34\" data-id=\"18a1c34\" data-element_type=\"column\">\n\t\t\t<div class=\"elementor-column-wrap elementor-element-populated\">\n\t\t\t\t\t\t\t<div class=\"elementor-widget-wrap\">\n\t\t\t\t\t\t<div class=\"elementor-element elementor-element-3c4c6c1 elementor-widget elementor-widget-image\" data-id=\"3c4c6c1\" data-element_type=\"widget\" data-widget_type=\"image.default\">\n\t\t\t\t<div class=\"elementor-widget-container\">\n\t\t\t\t\t\t\t\t<div class=\"elementor-image\">\n\t\t\t\t\t\t\t\t\t\t\t\t<img decoding=\"async\" width=\"1920\" height=\"250\" src=\"http:\/\/chusm.ma\/wp-content\/uploads\/2022\/05\/sortie.jpg\" class=\"attachment-full size-full\" alt=\"\" loading=\"lazy\" srcset=\"http:\/\/chusm.ma\/wp-content\/uploads\/2022\/05\/sortie.jpg 1920w, http:\/\/chusm.ma\/wp-content\/uploads\/2022\/05\/sortie-300x39.jpg 300w, http:\/\/chusm.ma\/wp-content\/uploads\/2022\/05\/sortie-1024x133.jpg 1024w, http:\/\/chusm.ma\/wp-content\/uploads\/2022\/05\/sortie-768x100.jpg 768w, http:\/\/chusm.ma\/wp-content\/uploads\/2022\/05\/sortie-1536x200.jpg 1536w\" sizes=\"(max-width: 1920px) 100vw, 1920px\" \/>\t\t\t\t\t\t\t\t\t\t\t\t\t\t<\/div>\n\t\t\t\t\t\t<\/div>\n\t\t\t\t<\/div>\n\t\t\t\t\t\t<\/div>\n\t\t\t\t\t<\/div>\n\t\t<\/div>\n\t\t\t\t\t\t\t\t<\/div>\n\t\t\t\t\t<\/div>\n\t\t<\/section>\n\t\t\t\t<section class=\"elementor-section elementor-top-section elementor-element elementor-element-c52ac0f animated-slow elementor-section-boxed elementor-section-height-default elementor-section-height-default elementor-invisible\" data-id=\"c52ac0f\" data-element_type=\"section\" data-settings=\"{&quot;animation&quot;:&quot;fadeInUp&quot;}\">\n\t\t\t\t\t\t<div class=\"elementor-container elementor-column-gap-default\">\n\t\t\t\t\t\t\t<div class=\"elementor-row\">\n\t\t\t\t\t<div class=\"elementor-column elementor-col-100 elementor-top-column elementor-element elementor-element-3e73976\" data-id=\"3e73976\" data-element_type=\"column\">\n\t\t\t<div class=\"elementor-column-wrap elementor-element-populated\">\n\t\t\t\t\t\t\t<div class=\"elementor-widget-wrap\">\n\t\t\t\t\t\t<section class=\"elementor-section elementor-inner-section elementor-element elementor-element-fdd32c0 elementor-section-boxed elementor-section-height-default elementor-section-height-default\" data-id=\"fdd32c0\" data-element_type=\"section\">\n\t\t\t\t\t\t<div class=\"elementor-container elementor-column-gap-default\">\n\t\t\t\t\t\t\t<div class=\"elementor-row\">\n\t\t\t\t\t<div class=\"elementor-column elementor-col-100 elementor-inner-column elementor-element elementor-element-11d339a\" data-id=\"11d339a\" data-element_type=\"column\">\n\t\t\t<div class=\"elementor-column-wrap elementor-element-populated\">\n\t\t\t\t\t\t\t<div class=\"elementor-widget-wrap\">\n\t\t\t\t\t\t<div class=\"elementor-element elementor-element-9b600ae elementor-widget elementor-widget-heading\" data-id=\"9b600ae\" data-element_type=\"widget\" data-widget_type=\"heading.default\">\n\t\t\t\t<div class=\"elementor-widget-container\">\n\t\t\t<h2 class=\"elementor-heading-title elementor-size-default\">Types de Sortie<\/h2>\t\t<\/div>\n\t\t\t\t<\/div>\n\t\t\t\t\t\t<\/div>\n\t\t\t\t\t<\/div>\n\t\t<\/div>\n\t\t\t\t\t\t\t\t<\/div>\n\t\t\t\t\t<\/div>\n\t\t<\/section>\n\t\t\t\t\t\t<\/div>\n\t\t\t\t\t<\/div>\n\t\t<\/div>\n\t\t\t\t\t\t\t\t<\/div>\n\t\t\t\t\t<\/div>\n\t\t<\/section>\n\t\t\t\t<section class=\"elementor-section elementor-top-section elementor-element elementor-element-c9f2f94 elementor-section-boxed elementor-section-height-default elementor-section-height-default\" data-id=\"c9f2f94\" data-element_type=\"section\">\n\t\t\t\t\t\t<div class=\"elementor-container elementor-column-gap-default\">\n\t\t\t\t\t\t\t<div class=\"elementor-row\">\n\t\t\t\t\t<div class=\"elementor-column elementor-col-100 elementor-top-column elementor-element elementor-element-406a26c\" data-id=\"406a26c\" data-element_type=\"column\">\n\t\t\t<div class=\"elementor-column-wrap elementor-element-populated\">\n\t\t\t\t\t\t\t<div class=\"elementor-widget-wrap\">\n\t\t\t\t\t\t<div class=\"elementor-element elementor-element-7c66e79 elementor-widget__width-initial elementor-widget elementor-widget-elementskit-heading\" data-id=\"7c66e79\" data-element_type=\"widget\" data-widget_type=\"elementskit-heading.default\">\n\t\t\t\t<div class=\"elementor-widget-container\">\n\t\t\t<div class=\"ekit-wid-con\" ><div class=\"ekit-heading elementskit-section-title-wraper text_left   ekit_heading_tablet-   ekit_heading_mobile-\">\t\t\t\t<div class='ekit-heading__description'>\n\t\t\t\t\t<p>On entend par sortie, le d\u00e9part d\u00e9finitif du patient du centre. Votre m\u00e9decin traitant vous explique l\u2019\u00e9volution de votre \u00e9tat de sant\u00e9, la n\u00e9cessit\u00e9 ou non d\u2019un suivi m\u00e9dical \u00e0 titre externe et vous \u00e9tablit les ordonnances m\u00e9dicales pour assurer la continuit\u00e9 des soins et si n\u00e9cessaire les certificats m\u00e9dicaux ;<\/p>\n\t\t\t\t<\/div>\n\t\t\t<\/div><\/div>\t\t<\/div>\n\t\t\t\t<\/div>\n\t\t\t\t\t\t<\/div>\n\t\t\t\t\t<\/div>\n\t\t<\/div>\n\t\t\t\t\t\t\t\t<\/div>\n\t\t\t\t\t<\/div>\n\t\t<\/section>\n\t\t\t\t<section class=\"elementor-section elementor-top-section elementor-element elementor-element-4c9de06 elementor-section-boxed elementor-section-height-default elementor-section-height-default\" data-id=\"4c9de06\" data-element_type=\"section\">\n\t\t\t\t\t\t<div class=\"elementor-container elementor-column-gap-default\">\n\t\t\t\t\t\t\t<div class=\"elementor-row\">\n\t\t\t\t\t<div class=\"elementor-column elementor-col-100 elementor-top-column elementor-element elementor-element-a4b52db\" data-id=\"a4b52db\" data-element_type=\"column\">\n\t\t\t<div class=\"elementor-column-wrap elementor-element-populated\">\n\t\t\t\t\t\t\t<div class=\"elementor-widget-wrap\">\n\t\t\t\t\t\t<div class=\"elementor-element elementor-element-1ed810b elementor-widget elementor-widget-accordion\" data-id=\"1ed810b\" data-element_type=\"widget\" data-widget_type=\"accordion.default\">\n\t\t\t\t<div class=\"elementor-widget-container\">\n\t\t\t\t\t<div class=\"elementor-accordion\" role=\"tablist\">\n\t\t\t\t\t\t\t<div class=\"elementor-accordion-item\">\n\t\t\t\t\t<div id=\"elementor-tab-title-3231\" class=\"elementor-tab-title\" data-tab=\"1\" role=\"tab\" aria-controls=\"elementor-tab-content-3231\" aria-expanded=\"false\">\n\t\t\t\t\t\t\t\t\t\t\t\t\t<span class=\"elementor-accordion-icon elementor-accordion-icon-left\" aria-hidden=\"true\">\n\t\t\t\t\t\t\t\t\t\t\t\t\t\t\t<span class=\"elementor-accordion-icon-closed\"><i class=\"fas fa-chevron-up\"><\/i><\/span>\n\t\t\t\t\t\t\t\t<span class=\"elementor-accordion-icon-opened\"><i class=\"fas fa-chevron-down\"><\/i><\/span>\n\t\t\t\t\t\t\t\t\t\t\t\t\t\t<\/span>\n\t\t\t\t\t\t\t\t\t\t\t\t<a class=\"elementor-accordion-title\" href=\"\">Sortie ordinaire<\/a>\n\t\t\t\t\t<\/div>\n\t\t\t\t\t<div id=\"elementor-tab-content-3231\" class=\"elementor-tab-content elementor-clearfix\" data-tab=\"1\" role=\"tabpanel\" aria-labelledby=\"elementor-tab-title-3231\"><ul>\n<li>Elle est prononc\u00e9e par le directeur du centre (sur proposition du chef de service)  lorsque le m\u00e9decin traitant estime que l\u2019\u00e9tat de sant\u00e9 du patient ne n\u00e9cessite plus son hospitalisation ;<\/li>\n<li>En cas de refus de quitter l\u2019\u00e9tablissement, le directeur est en droit de facturer directement au patient les frais inh\u00e9rents \u00e0 son maintien dans l\u2019\u00e9tablissement ;<\/li>\n<li>La sortie ordinaire ne peut avoir lieu apr\u00e8s 16H30 et elle a lieu tous les jours ouvrables sauf exceptions par ordre du Directeur du Centre ;<\/li>\n<li>Les nouveau-n\u00e9s quittent g\u00e9n\u00e9ralement la maternit\u00e9 en m\u00eame temps que leurs mamans sauf cas particuliers (pr\u00e9matur\u00e9es ou forces majeur) ;<\/li>\n<li>En cas de probl\u00e8me sociaux, le patient est pris en charge par l\u2019assistante sociale de l\u2019h\u00f4pital \u00e0 d\u00e9faut la personne charg\u00e9e de l\u2019accueil ;<\/li>\n<li>L\u2019infirmier chef du service hospitalier prend toutes les mesures pour informer la famille du patient et pr\u00e9parer les documents n\u00e9cessaires ;<\/li>\n<li>Dans certains cas particuliers, la Direction du Centre informe les entit\u00e9s ou les autorit\u00e9s comp\u00e9tentes ci-apr\u00e8s, de la sortie de certaines cat\u00e9gories des patients, \u00e0 savoir : \n<ul>\n<li>L\u2019autorit\u00e9 comp\u00e9tente pour un patient non civil ;<\/li>\n<li>L\u2019\u00e9tablissement d\u2019h\u00e9bergement pour les mineurs relevant des centres sociaux ; <\/li>\n<li>Les autorit\u00e9s ayant ordonn\u00e9es l\u2019hospitalisation d\u2019office des personnes atteint de trouble psychiatrique ;<\/li>\n<li>Le procureur du Roi et le directeur de l\u2019\u00e9tablissement p\u00e9nitentiaire pour, respectivement, les personnes plac\u00e9es sous garde \u00e0 vue et les prisonniers.<\/li>\n<\/ul><\/li>\n<\/ul>\n<\/div>\n\t\t\t\t<\/div>\n\t\t\t\t\t\t\t<div class=\"elementor-accordion-item\">\n\t\t\t\t\t<div id=\"elementor-tab-title-3232\" class=\"elementor-tab-title\" data-tab=\"2\" role=\"tab\" aria-controls=\"elementor-tab-content-3232\" aria-expanded=\"false\">\n\t\t\t\t\t\t\t\t\t\t\t\t\t<span class=\"elementor-accordion-icon elementor-accordion-icon-left\" aria-hidden=\"true\">\n\t\t\t\t\t\t\t\t\t\t\t\t\t\t\t<span class=\"elementor-accordion-icon-closed\"><i class=\"fas fa-chevron-up\"><\/i><\/span>\n\t\t\t\t\t\t\t\t<span class=\"elementor-accordion-icon-opened\"><i class=\"fas fa-chevron-down\"><\/i><\/span>\n\t\t\t\t\t\t\t\t\t\t\t\t\t\t<\/span>\n\t\t\t\t\t\t\t\t\t\t\t\t<a class=\"elementor-accordion-title\" href=\"\">R\u00e9f\u00e9rence et transfert<\/a>\n\t\t\t\t\t<\/div>\n\t\t\t\t\t<div id=\"elementor-tab-content-3232\" class=\"elementor-tab-content elementor-clearfix\" data-tab=\"2\" role=\"tabpanel\" aria-labelledby=\"elementor-tab-title-3232\"><ul>\n<li>Elle est prononc\u00e9e suite \u00e0 une d\u00e9cision m\u00e9dicale et apr\u00e8s accord pr\u00e9alable de l\u2019h\u00f4pital d\u2019accueil par les moyens ad\u00e9quats (t\u00e9l\u00e9phone en cas d\u2019urgence) ;<\/li>\n<li>Un transfert \u00e0 domicile peut \u00eatre consenti par le m\u00e9decin chef de service si les m\u00e9decins du service constatent qu\u2019un patient hospitalis\u00e9 est dans un \u00e9tat particuli\u00e8rement grave (agonisant ou au-dessous de toute ressources th\u00e9rapeutique). Le patient ou sa famille en exprime la volont\u00e9 par \u00e9crit.<\/li>\n<\/ul><\/div>\n\t\t\t\t<\/div>\n\t\t\t\t\t\t\t<div class=\"elementor-accordion-item\">\n\t\t\t\t\t<div id=\"elementor-tab-title-3233\" class=\"elementor-tab-title\" data-tab=\"3\" role=\"tab\" aria-controls=\"elementor-tab-content-3233\" aria-expanded=\"false\">\n\t\t\t\t\t\t\t\t\t\t\t\t\t<span class=\"elementor-accordion-icon elementor-accordion-icon-left\" aria-hidden=\"true\">\n\t\t\t\t\t\t\t\t\t\t\t\t\t\t\t<span class=\"elementor-accordion-icon-closed\"><i class=\"fas fa-chevron-up\"><\/i><\/span>\n\t\t\t\t\t\t\t\t<span class=\"elementor-accordion-icon-opened\"><i class=\"fas fa-chevron-down\"><\/i><\/span>\n\t\t\t\t\t\t\t\t\t\t\t\t\t\t<\/span>\n\t\t\t\t\t\t\t\t\t\t\t\t<a class=\"elementor-accordion-title\" href=\"\">D\u00e9c\u00e8s<\/a>\n\t\t\t\t\t<\/div>\n\t\t\t\t\t<div id=\"elementor-tab-content-3233\" class=\"elementor-tab-content elementor-clearfix\" data-tab=\"3\" role=\"tabpanel\" aria-labelledby=\"elementor-tab-title-3233\"><ul>\n<li>Les prescriptions du Dahir n\u00b0 l-68-980 du 31.l0.1969 relatif aux inhumations, exhumations et transport de corps sont scrupuleusement respect\u00e9es ;<\/li>\n<li>D\u00e8s le constat du d\u00e9c\u00e8s, la sortie est faite tout en garantissant le transport de la d\u00e9pouille mortelle vers la morgue ;<\/li>\n<li>Ce qui incombe \u00e0 la famille du d\u00e9funt :\n<ul><li>Les formalit\u00e9s de d\u00e9claration du d\u00e9c\u00e8s \u00e0 l\u2019Etat civil<\/li>\n<li>Le transport et l\u2019inhumation de la d\u00e9pouille ;<\/li><\/ul>\n<li>Pr\u00e9sentation du permis d&#8217;inhumer \u00e0 l\u2019administration afin de r\u00e9cup\u00e9rer le corps du d\u00e9funt ;<\/li>\n<li>Il est interdit d\u2019utiliser des ambulances. Le transport du corps doit \u00eatre effectu\u00e9 obligatoirement dans un fourgon mortuaire ;<\/li>\n<li>Les sommes d\u2019argent et\/ou objets de valeurs sont restitu\u00e9s sur pr\u00e9sentation d\u2019une procuration et d\u2019une copie certifi\u00e9e conforme du certificat d\u2019h\u00e9r\u00e9dit\u00e9 ;<\/li>\n<li>Le duplicata du constat de d\u00e9c\u00e8s peut \u00eatre d\u00e9livr\u00e9 \u00e0 l\u2019un des ayants droit sur demande \u00e9crite destin\u00e9e au Directeur de l\u2019h\u00f4pital assortie d\u2019une copie certifi\u00e9e conforme du certificat d\u2019h\u00e9r\u00e9dit\u00e9 et d\u2019une procuration.<\/li>\n<\/ul>\n<\/div>\n\t\t\t\t<\/div>\n\t\t\t\t\t\t\t<div class=\"elementor-accordion-item\">\n\t\t\t\t\t<div id=\"elementor-tab-title-3234\" class=\"elementor-tab-title\" data-tab=\"4\" role=\"tab\" aria-controls=\"elementor-tab-content-3234\" aria-expanded=\"false\">\n\t\t\t\t\t\t\t\t\t\t\t\t\t<span class=\"elementor-accordion-icon elementor-accordion-icon-left\" aria-hidden=\"true\">\n\t\t\t\t\t\t\t\t\t\t\t\t\t\t\t<span class=\"elementor-accordion-icon-closed\"><i class=\"fas fa-chevron-up\"><\/i><\/span>\n\t\t\t\t\t\t\t\t<span class=\"elementor-accordion-icon-opened\"><i class=\"fas fa-chevron-down\"><\/i><\/span>\n\t\t\t\t\t\t\t\t\t\t\t\t\t\t<\/span>\n\t\t\t\t\t\t\t\t\t\t\t\t<a class=\"elementor-accordion-title\" href=\"\">Autres sorties<\/a>\n\t\t\t\t\t<\/div>\n\t\t\t\t\t<div id=\"elementor-tab-content-3234\" class=\"elementor-tab-content elementor-clearfix\" data-tab=\"4\" role=\"tabpanel\" aria-labelledby=\"elementor-tab-title-3234\"><h5>\u2794 Sortie provisoire en cours d\u2019hospitalisation<\/h5>\n<ul>\n \t<li>La demande de permission de sortie provisoire est formul\u00e9e par le patient ;<\/li>\n \t<li>En fonction de l\u2019\u00e9tat de sant\u00e9 et de la longueur du s\u00e9jour du patient ;<\/li>\n \t<li>Lorsque le patient ne rentre pas dans les d\u00e9lais impartis, il sera d\u00e9clar\u00e9 sortant par l\u2019administration. Par cons\u00e9quent, il ne peut \u00eatre r\u00e9admis qu\u2019\u00e0 travers la proc\u00e9dure de l\u2019admission ordinaire ;<\/li>\n \t<li>Le formulaire pour la permission de sortie est \u00e9tabli par l\u2019infirmier chef du service et doit \u00eatre sign\u00e9e par le m\u00e9decin traitant.<\/li>\n<\/ul><\/div>\n\t\t\t\t<\/div>\n\t\t\t\t\t\t\t\t<\/div>\n\t\t\t\t<\/div>\n\t\t\t\t<\/div>\n\t\t\t\t\t\t<\/div>\n\t\t\t\t\t<\/div>\n\t\t<\/div>\n\t\t\t\t\t\t\t\t<\/div>\n\t\t\t\t\t<\/div>\n\t\t<\/section>\n\t\t\t\t<section class=\"elementor-section elementor-top-section elementor-element elementor-element-cce31f8 elementor-section-full_width elementor-section-height-default elementor-section-height-default\" data-id=\"cce31f8\" data-element_type=\"section\">\n\t\t\t\t\t\t<div class=\"elementor-container elementor-column-gap-default\">\n\t\t\t\t\t\t\t<div class=\"elementor-row\">\n\t\t\t\t\t<div class=\"elementor-column elementor-col-100 elementor-top-column elementor-element elementor-element-ea9a70e\" data-id=\"ea9a70e\" data-element_type=\"column\">\n\t\t\t<div class=\"elementor-column-wrap elementor-element-populated\">\n\t\t\t\t\t\t\t<div class=\"elementor-widget-wrap\">\n\t\t\t\t\t\t<div class=\"elementor-element elementor-element-39592c3 elementor-widget-divider--separator-type-pattern elementor-widget-divider--view-line elementor-widget elementor-widget-divider\" data-id=\"39592c3\" data-element_type=\"widget\" data-widget_type=\"divider.default\">\n\t\t\t\t<div class=\"elementor-widget-container\">\n\t\t\t\t\t<div class=\"elementor-divider\" style=\"--divider-pattern-url: url(&quot;data:image\/svg+xml,%3Csvg xmlns=&#039;http:\/\/www.w3.org\/2000\/svg&#039; preserveAspectRatio=&#039;none&#039; overflow=&#039;visible&#039; height=&#039;100%&#039; viewBox=&#039;0 0 20 16&#039; fill=&#039;none&#039; stroke=&#039;black&#039; stroke-width=&#039;1&#039; stroke-linecap=&#039;square&#039; stroke-miterlimit=&#039;10&#039;%3E%3Cg transform=&#039;translate(-12.000000, 0)&#039;%3E%3Cpath d=&#039;M28,0L10,18&#039;\/%3E%3Cpath d=&#039;M18,0L0,18&#039;\/%3E%3Cpath d=&#039;M48,0L30,18&#039;\/%3E%3Cpath d=&#039;M38,0L20,18&#039;\/%3E%3C\/g%3E%3C\/svg%3E&quot;);\">\n\t\t\t<span class=\"elementor-divider-separator\">\n\t\t\t\t\t\t<\/span>\n\t\t<\/div>\n\t\t\t\t<\/div>\n\t\t\t\t<\/div>\n\t\t\t\t\t\t<\/div>\n\t\t\t\t\t<\/div>\n\t\t<\/div>\n\t\t\t\t\t\t\t\t<\/div>\n\t\t\t\t\t<\/div>\n\t\t<\/section>\n\t\t\t\t<section class=\"elementor-section elementor-top-section elementor-element elementor-element-344a6b1 xs_open_clinic elementor-section-boxed elementor-section-height-default elementor-section-height-default\" data-id=\"344a6b1\" data-element_type=\"section\" data-settings=\"{&quot;background_background&quot;:&quot;classic&quot;}\">\n\t\t\t\t\t\t<div class=\"elementor-container elementor-column-gap-default\">\n\t\t\t\t\t\t\t<div class=\"elementor-row\">\n\t\t\t\t\t<div class=\"elementor-column elementor-col-50 elementor-top-column elementor-element elementor-element-a3d5c5b\" data-id=\"a3d5c5b\" data-element_type=\"column\" data-settings=\"{&quot;background_background&quot;:&quot;classic&quot;}\">\n\t\t\t<div class=\"elementor-column-wrap elementor-element-populated\">\n\t\t\t\t\t\t\t<div class=\"elementor-widget-wrap\">\n\t\t\t\t\t\t<div class=\"elementor-element elementor-element-c126b2f elementor-widget__width-initial elementor-widget elementor-widget-elementskit-heading\" data-id=\"c126b2f\" data-element_type=\"widget\" data-widget_type=\"elementskit-heading.default\">\n\t\t\t\t<div class=\"elementor-widget-container\">\n\t\t\t<div class=\"ekit-wid-con\" ><div class=\"ekit-heading elementskit-section-title-wraper text_left   ekit_heading_tablet-   ekit_heading_mobile-\"><h4 class=\"ekit-heading--title elementskit-section-title \">\n\t\t\t\t\tFormalit\u00e9s de sortie \n\t\t\t\t<\/h4>\t\t\t\t<div class='ekit-heading__description'>\n\t\t\t\t\t<h5>1. R\u00e9cup\u00e9rer votre \u00ab d\u00e9cision m\u00e9dicale de sortie \u00bb aupr\u00e8s du service d\u2019hospitalisation ;<\/h5>\n<h5>2. Adressez-vous au BAF muni des pi\u00e8ces suivantes :<\/h5>\n<p>- Billet de sortie ;<br \/>\n- Rendez-vous d\u2019une \u00e9ventuelle consultation ou traitement.<\/p>\n\t\t\t\t<\/div>\n\t\t\t<\/div><\/div>\t\t<\/div>\n\t\t\t\t<\/div>\n\t\t\t\t\t\t<\/div>\n\t\t\t\t\t<\/div>\n\t\t<\/div>\n\t\t\t\t<div class=\"elementor-column elementor-col-50 elementor-top-column elementor-element elementor-element-c414acb\" data-id=\"c414acb\" data-element_type=\"column\" data-settings=\"{&quot;background_background&quot;:&quot;classic&quot;}\">\n\t\t\t<div class=\"elementor-column-wrap elementor-element-populated\">\n\t\t\t\t\t\t\t<div class=\"elementor-widget-wrap\">\n\t\t\t\t\t\t<div class=\"elementor-element elementor-element-1c589e4 elementor-widget__width-initial elementor-widget elementor-widget-elementskit-heading\" data-id=\"1c589e4\" data-element_type=\"widget\" data-widget_type=\"elementskit-heading.default\">\n\t\t\t\t<div class=\"elementor-widget-container\">\n\t\t\t<div class=\"ekit-wid-con\" ><div class=\"ekit-heading elementskit-section-title-wraper    ekit_heading_tablet-   ekit_heading_mobile-\"><h4 class=\"ekit-heading--title elementskit-section-title \">\n\t\t\t\t\tImportant pour vous !\n\t\t\t\t<\/h4>\t\t\t\t<div class='ekit-heading__description'>\n\t\t\t\t\t<p>Si vous estimez que vous avez  pay\u00e9 des sommes \u00e0 tort, vous pouvez adresser une demande au Directeur du Centre afin de les restituer ;<br \/>\nSi vous \u00eates victime de coups et blessures volontaires ou involontaires et\/ou de violence sexuelles, pris en charge par l\u2019un de nos \u00e9tablissements hospitaliers, vous b\u00e9n\u00e9ficiez sur votre demande ou sur r\u00e9quisition des autorit\u00e9s judiciaires, d\u2019un certificat m\u00e9dico-l\u00e9gal conform\u00e9ment \u00e0 la r\u00e9glementation en vigueur ;<br \/>\nSi vous estimez victime d\u2019un dommage imputable \u00e0 l\u2019activit\u00e9 soignante, informez l\u2019administration sur les circonstances et les causes de ce dommage.<br \/>\nN\u2019oubliez pas de pr\u00e9senter \u00e0 l\u2019administration l\u2019attestation de d\u00e9p\u00f4t d'argent ou de vos objets de valeur d\u00e9livr\u00e9e lors de votre admission afin de les r\u00e9cup\u00e9rer ;<br \/>\nPar ailleurs, il est \u00e0 signaler qu\u2019une proc\u00e9dure de recouvrement selon la r\u00e9glementation en vigueur est d\u00e9clench\u00e9e vis-\u00e0-vis de tout patient qui n\u2019a pas r\u00e9gl\u00e9 sa situation administrative.<\/p>\n\t\t\t\t<\/div>\n\t\t\t<\/div><\/div>\t\t<\/div>\n\t\t\t\t<\/div>\n\t\t\t\t\t\t<\/div>\n\t\t\t\t\t<\/div>\n\t\t<\/div>\n\t\t\t\t\t\t\t\t<\/div>\n\t\t\t\t\t<\/div>\n\t\t<\/section>\n\t\t\t\t\t\t<\/div>\n\t\t\t\t\t\t<\/div>\n\t\t\t\t\t<\/div>\n\t\t","protected":false},"excerpt":{"rendered":"","protected":false},"author":1,"featured_media":0,"parent":0,"menu_order":0,"comment_status":"closed","ping_status":"closed","template":"elementor_header_footer","meta":[],"_links":{"self":[{"href":"http:\/\/chusm.ma\/index.php?rest_route=\/wp\/v2\/pages\/7479"}],"collection":[{"href":"http:\/\/chusm.ma\/index.php?rest_route=\/wp\/v2\/pages"}],"about":[{"href":"http:\/\/chusm.ma\/index.php?rest_route=\/wp\/v2\/types\/page"}],"author":[{"embeddable":true,"href":"http:\/\/chusm.ma\/index.php?rest_route=\/wp\/v2\/users\/1"}],"replies":[{"embeddable":true,"href":"http:\/\/chusm.ma\/index.php?rest_route=%2Fwp%2Fv2%2Fcomments&post=7479"}],"version-history":[{"count":2,"href":"http:\/\/chusm.ma\/index.php?rest_route=\/wp\/v2\/pages\/7479\/revisions"}],"predecessor-version":[{"id":10853,"href":"http:\/\/chusm.ma\/index.php?rest_route=\/wp\/v2\/pages\/7479\/revisions\/10853"}],"wp:attachment":[{"href":"http:\/\/chusm.ma\/index.php?rest_route=%2Fwp%2Fv2%2Fmedia&parent=7479"}],"curies":[{"name":"wp","href":"https:\/\/api.w.org\/{rel}","templated":true}]}}