{"id":6565,"date":"2022-04-18T11:15:28","date_gmt":"2022-04-18T09:15:28","guid":{"rendered":"https:\/\/www.pixelconcept1.com\/chu-sm\/?page_id=6565"},"modified":"2023-07-28T11:45:49","modified_gmt":"2023-07-28T10:45:49","slug":"organigramme","status":"publish","type":"page","link":"http:\/\/chusm.ma\/?page_id=6565","title":{"rendered":"Organigramme"},"content":{"rendered":"\t\t<div data-elementor-type=\"wp-page\" data-elementor-id=\"6565\" class=\"elementor elementor-6565\" data-elementor-settings=\"[]\">\n\t\t\t\t\t\t<div class=\"elementor-inner\">\n\t\t\t\t\t\t\t<div class=\"elementor-section-wrap\">\n\t\t\t\t\t\t\t<section class=\"elementor-section elementor-top-section elementor-element elementor-element-3c241be elementor-section-boxed elementor-section-height-default elementor-section-height-default\" data-id=\"3c241be\" data-element_type=\"section\">\n\t\t\t\t\t\t<div class=\"elementor-container elementor-column-gap-default\">\n\t\t\t\t\t\t\t<div class=\"elementor-row\">\n\t\t\t\t\t<div class=\"elementor-column elementor-col-100 elementor-top-column elementor-element elementor-element-1ff7f30\" data-id=\"1ff7f30\" data-element_type=\"column\">\n\t\t\t<div class=\"elementor-column-wrap elementor-element-populated\">\n\t\t\t\t\t\t\t<div class=\"elementor-widget-wrap\">\n\t\t\t\t\t\t<div class=\"elementor-element elementor-element-96d6896 elementor-invisible elementor-widget elementor-widget-elementskit-heading\" data-id=\"96d6896\" data-element_type=\"widget\" data-settings=\"{&quot;_animation&quot;:&quot;fadeInUp&quot;,&quot;_animation_delay&quot;:0}\" data-widget_type=\"elementskit-heading.default\">\n\t\t\t\t<div class=\"elementor-widget-container\">\n\t\t\t<div class=\"ekit-wid-con\" ><div class=\"ekit-heading elementskit-section-title-wraper text_center   ekit_heading_tablet-   ekit_heading_mobile-\"><h2 class=\"ekit-heading--title elementskit-section-title \">\n\t\t\t\t\tOrganigramme de la direction g\u00e9n\u00e9rale\n\t\t\t\t<\/h2><div class=\"ekit_heading_separetor_wraper ekit_heading_ekit_border_custom\"><div class=\"ekit_border_custom\"><\/div><\/div><\/div><\/div>\t\t<\/div>\n\t\t\t\t<\/div>\n\t\t\t\t<section class=\"elementor-section elementor-inner-section elementor-element elementor-element-3130c55 elementor-section-boxed elementor-section-height-default elementor-section-height-default\" data-id=\"3130c55\" data-element_type=\"section\">\n\t\t\t\t\t\t<div class=\"elementor-container elementor-column-gap-default\">\n\t\t\t\t\t\t\t<div class=\"elementor-row\">\n\t\t\t\t\t<div class=\"elementor-column elementor-col-100 elementor-inner-column elementor-element elementor-element-aa3bd54\" data-id=\"aa3bd54\" data-element_type=\"column\" data-settings=\"{&quot;background_background&quot;:&quot;classic&quot;}\">\n\t\t\t<div class=\"elementor-column-wrap elementor-element-populated\">\n\t\t\t\t\t\t\t<div class=\"elementor-widget-wrap\">\n\t\t\t\t\t\t<div class=\"elementor-element elementor-element-c47c7db elementor-widget elementor-widget-image\" data-id=\"c47c7db\" data-element_type=\"widget\" data-widget_type=\"image.default\">\n\t\t\t\t<div class=\"elementor-widget-container\">\n\t\t\t\t\t\t\t\t<div class=\"elementor-image\">\n\t\t\t\t\t\t\t\t\t\t\t\t<img decoding=\"async\" width=\"1601\" height=\"1081\" src=\"http:\/\/chusm.ma\/wp-content\/uploads\/2022\/06\/organigramme-generale.webp\" class=\"attachment-full size-full\" alt=\"\" loading=\"lazy\" srcset=\"http:\/\/chusm.ma\/wp-content\/uploads\/2022\/06\/organigramme-generale.webp 1601w, http:\/\/chusm.ma\/wp-content\/uploads\/2022\/06\/organigramme-generale-300x203.webp 300w, http:\/\/chusm.ma\/wp-content\/uploads\/2022\/06\/organigramme-generale-1024x691.webp 1024w, http:\/\/chusm.ma\/wp-content\/uploads\/2022\/06\/organigramme-generale-768x519.webp 768w, http:\/\/chusm.ma\/wp-content\/uploads\/2022\/06\/organigramme-generale-1536x1037.webp 1536w\" sizes=\"(max-width: 1601px) 100vw, 1601px\" \/>\t\t\t\t\t\t\t\t\t\t\t\t\t\t<\/div>\n\t\t\t\t\t\t<\/div>\n\t\t\t\t<\/div>\n\t\t\t\t\t\t<\/div>\n\t\t\t\t\t<\/div>\n\t\t<\/div>\n\t\t\t\t\t\t\t\t<\/div>\n\t\t\t\t\t<\/div>\n\t\t<\/section>\n\t\t\t\t\t\t<\/div>\n\t\t\t\t\t<\/div>\n\t\t<\/div>\n\t\t\t\t\t\t\t\t<\/div>\n\t\t\t\t\t<\/div>\n\t\t<\/section>\n\t\t\t\t<section class=\"elementor-section elementor-top-section elementor-element elementor-element-74b954f elementor-section-boxed elementor-section-height-default elementor-section-height-default\" data-id=\"74b954f\" data-element_type=\"section\">\n\t\t\t\t\t\t<div class=\"elementor-container elementor-column-gap-default\">\n\t\t\t\t\t\t\t<div class=\"elementor-row\">\n\t\t\t\t\t<div class=\"elementor-column elementor-col-100 elementor-top-column elementor-element elementor-element-d6193d9\" data-id=\"d6193d9\" data-element_type=\"column\">\n\t\t\t<div class=\"elementor-column-wrap elementor-element-populated\">\n\t\t\t\t\t\t\t<div class=\"elementor-widget-wrap\">\n\t\t\t\t\t\t<div class=\"elementor-element elementor-element-26c9d90 elementor-invisible elementor-widget elementor-widget-elementskit-heading\" data-id=\"26c9d90\" data-element_type=\"widget\" data-settings=\"{&quot;_animation&quot;:&quot;fadeInUp&quot;,&quot;_animation_delay&quot;:0}\" data-widget_type=\"elementskit-heading.default\">\n\t\t\t\t<div class=\"elementor-widget-container\">\n\t\t\t<div class=\"ekit-wid-con\" ><div class=\"ekit-heading elementskit-section-title-wraper text_center   ekit_heading_tablet-   ekit_heading_mobile-\"><h2 class=\"ekit-heading--title elementskit-section-title \">\n\t\t\t\t\tOrganigramme de l'h\u00f4pital des sp\u00e9cialit\u00e9s\n\t\t\t\t<\/h2><div class=\"ekit_heading_separetor_wraper ekit_heading_ekit_border_custom\"><div class=\"ekit_border_custom\"><\/div><\/div><\/div><\/div>\t\t<\/div>\n\t\t\t\t<\/div>\n\t\t\t\t<section class=\"elementor-section elementor-inner-section elementor-element elementor-element-adf0b8b elementor-section-boxed elementor-section-height-default elementor-section-height-default\" data-id=\"adf0b8b\" data-element_type=\"section\">\n\t\t\t\t\t\t<div class=\"elementor-container elementor-column-gap-default\">\n\t\t\t\t\t\t\t<div class=\"elementor-row\">\n\t\t\t\t\t<div class=\"elementor-column elementor-col-100 elementor-inner-column elementor-element elementor-element-fd8d490\" data-id=\"fd8d490\" data-element_type=\"column\">\n\t\t\t<div class=\"elementor-column-wrap elementor-element-populated\">\n\t\t\t\t\t\t\t<div class=\"elementor-widget-wrap\">\n\t\t\t\t\t\t<div class=\"elementor-element elementor-element-f9f2ce1 elementor-widget elementor-widget-image\" data-id=\"f9f2ce1\" data-element_type=\"widget\" data-widget_type=\"image.default\">\n\t\t\t\t<div class=\"elementor-widget-container\">\n\t\t\t\t\t\t\t\t<div class=\"elementor-image\">\n\t\t\t\t\t\t\t\t\t\t\t\t<img decoding=\"async\" width=\"1601\" height=\"530\" src=\"http:\/\/chusm.ma\/wp-content\/uploads\/2022\/06\/organigramme-specialites.webp\" class=\"attachment-full size-full\" alt=\"\" loading=\"lazy\" srcset=\"http:\/\/chusm.ma\/wp-content\/uploads\/2022\/06\/organigramme-specialites.webp 1601w, http:\/\/chusm.ma\/wp-content\/uploads\/2022\/06\/organigramme-specialites-300x99.webp 300w, http:\/\/chusm.ma\/wp-content\/uploads\/2022\/06\/organigramme-specialites-1024x339.webp 1024w, http:\/\/chusm.ma\/wp-content\/uploads\/2022\/06\/organigramme-specialites-768x254.webp 768w, http:\/\/chusm.ma\/wp-content\/uploads\/2022\/06\/organigramme-specialites-1536x508.webp 1536w\" sizes=\"(max-width: 1601px) 100vw, 1601px\" \/>\t\t\t\t\t\t\t\t\t\t\t\t\t\t<\/div>\n\t\t\t\t\t\t<\/div>\n\t\t\t\t<\/div>\n\t\t\t\t\t\t<\/div>\n\t\t\t\t\t<\/div>\n\t\t<\/div>\n\t\t\t\t\t\t\t\t<\/div>\n\t\t\t\t\t<\/div>\n\t\t<\/section>\n\t\t\t\t\t\t<\/div>\n\t\t\t\t\t<\/div>\n\t\t<\/div>\n\t\t\t\t\t\t\t\t<\/div>\n\t\t\t\t\t<\/div>\n\t\t<\/section>\n\t\t\t\t<section class=\"elementor-section elementor-top-section elementor-element elementor-element-869f177 elementor-section-boxed elementor-section-height-default elementor-section-height-default\" data-id=\"869f177\" data-element_type=\"section\">\n\t\t\t\t\t\t<div class=\"elementor-container elementor-column-gap-default\">\n\t\t\t\t\t\t\t<div class=\"elementor-row\">\n\t\t\t\t\t<div class=\"elementor-column elementor-col-100 elementor-top-column elementor-element elementor-element-00a95a0\" data-id=\"00a95a0\" data-element_type=\"column\">\n\t\t\t<div class=\"elementor-column-wrap elementor-element-populated\">\n\t\t\t\t\t\t\t<div class=\"elementor-widget-wrap\">\n\t\t\t\t\t\t<div class=\"elementor-element elementor-element-903cce2 elementor-invisible elementor-widget elementor-widget-elementskit-heading\" data-id=\"903cce2\" data-element_type=\"widget\" data-settings=\"{&quot;_animation&quot;:&quot;fadeInUp&quot;,&quot;_animation_delay&quot;:0}\" data-widget_type=\"elementskit-heading.default\">\n\t\t\t\t<div class=\"elementor-widget-container\">\n\t\t\t<div class=\"ekit-wid-con\" ><div class=\"ekit-heading elementskit-section-title-wraper text_center   ekit_heading_tablet-   ekit_heading_mobile-\"><h2 class=\"ekit-heading--title elementskit-section-title \">\n\t\t\t\t\tOrganigramme de l'h\u00f4pital M\u00e8re &amp; Enfant\n\t\t\t\t<\/h2><div class=\"ekit_heading_separetor_wraper ekit_heading_ekit_border_custom\"><div class=\"ekit_border_custom\"><\/div><\/div><\/div><\/div>\t\t<\/div>\n\t\t\t\t<\/div>\n\t\t\t\t<section class=\"elementor-section elementor-inner-section elementor-element elementor-element-e4da00e elementor-section-boxed elementor-section-height-default elementor-section-height-default\" data-id=\"e4da00e\" data-element_type=\"section\">\n\t\t\t\t\t\t<div class=\"elementor-container elementor-column-gap-default\">\n\t\t\t\t\t\t\t<div class=\"elementor-row\">\n\t\t\t\t\t<div class=\"elementor-column elementor-col-100 elementor-inner-column elementor-element elementor-element-877b0b9\" data-id=\"877b0b9\" data-element_type=\"column\">\n\t\t\t<div class=\"elementor-column-wrap elementor-element-populated\">\n\t\t\t\t\t\t\t<div class=\"elementor-widget-wrap\">\n\t\t\t\t\t\t<div class=\"elementor-element elementor-element-2feda11 elementor-widget elementor-widget-image\" data-id=\"2feda11\" data-element_type=\"widget\" data-widget_type=\"image.default\">\n\t\t\t\t<div class=\"elementor-widget-container\">\n\t\t\t\t\t\t\t\t<div class=\"elementor-image\">\n\t\t\t\t\t\t\t\t\t\t\t\t<img decoding=\"async\" width=\"1601\" height=\"530\" src=\"http:\/\/chusm.ma\/wp-content\/uploads\/2022\/06\/organigramme-oncpo-fe-psy.webp\" class=\"attachment-full size-full\" alt=\"\" loading=\"lazy\" srcset=\"http:\/\/chusm.ma\/wp-content\/uploads\/2022\/06\/organigramme-oncpo-fe-psy.webp 1601w, http:\/\/chusm.ma\/wp-content\/uploads\/2022\/06\/organigramme-oncpo-fe-psy-300x99.webp 300w, http:\/\/chusm.ma\/wp-content\/uploads\/2022\/06\/organigramme-oncpo-fe-psy-1024x339.webp 1024w, http:\/\/chusm.ma\/wp-content\/uploads\/2022\/06\/organigramme-oncpo-fe-psy-768x254.webp 768w, http:\/\/chusm.ma\/wp-content\/uploads\/2022\/06\/organigramme-oncpo-fe-psy-1536x508.webp 1536w\" sizes=\"(max-width: 1601px) 100vw, 1601px\" \/>\t\t\t\t\t\t\t\t\t\t\t\t\t\t<\/div>\n\t\t\t\t\t\t<\/div>\n\t\t\t\t<\/div>\n\t\t\t\t\t\t<\/div>\n\t\t\t\t\t<\/div>\n\t\t<\/div>\n\t\t\t\t\t\t\t\t<\/div>\n\t\t\t\t\t<\/div>\n\t\t<\/section>\n\t\t\t\t\t\t<\/div>\n\t\t\t\t\t<\/div>\n\t\t<\/div>\n\t\t\t\t\t\t\t\t<\/div>\n\t\t\t\t\t<\/div>\n\t\t<\/section>\n\t\t\t\t<section class=\"elementor-section elementor-top-section elementor-element elementor-element-8b7aa38 elementor-section-boxed elementor-section-height-default elementor-section-height-default\" data-id=\"8b7aa38\" data-element_type=\"section\">\n\t\t\t\t\t\t<div class=\"elementor-container elementor-column-gap-default\">\n\t\t\t\t\t\t\t<div class=\"elementor-row\">\n\t\t\t\t\t<div class=\"elementor-column elementor-col-100 elementor-top-column elementor-element elementor-element-da22bc4\" data-id=\"da22bc4\" data-element_type=\"column\">\n\t\t\t<div class=\"elementor-column-wrap elementor-element-populated\">\n\t\t\t\t\t\t\t<div class=\"elementor-widget-wrap\">\n\t\t\t\t\t\t<div class=\"elementor-element elementor-element-bda035d elementor-invisible elementor-widget elementor-widget-elementskit-heading\" data-id=\"bda035d\" data-element_type=\"widget\" data-settings=\"{&quot;_animation&quot;:&quot;fadeInUp&quot;,&quot;_animation_delay&quot;:0}\" data-widget_type=\"elementskit-heading.default\">\n\t\t\t\t<div class=\"elementor-widget-container\">\n\t\t\t<div class=\"ekit-wid-con\" ><div class=\"ekit-heading elementskit-section-title-wraper text_center   ekit_heading_tablet-   ekit_heading_mobile-\"><h2 class=\"ekit-heading--title elementskit-section-title \">\n\t\t\t\t\tOrganigramme du Centre d\u2019Oncologie\n\t\t\t\t<\/h2><div class=\"ekit_heading_separetor_wraper ekit_heading_ekit_border_custom\"><div class=\"ekit_border_custom\"><\/div><\/div><\/div><\/div>\t\t<\/div>\n\t\t\t\t<\/div>\n\t\t\t\t<section class=\"elementor-section elementor-inner-section elementor-element elementor-element-922f5de elementor-section-boxed elementor-section-height-default elementor-section-height-default\" data-id=\"922f5de\" data-element_type=\"section\">\n\t\t\t\t\t\t<div class=\"elementor-container elementor-column-gap-default\">\n\t\t\t\t\t\t\t<div class=\"elementor-row\">\n\t\t\t\t\t<div class=\"elementor-column elementor-col-100 elementor-inner-column elementor-element elementor-element-cac8150\" data-id=\"cac8150\" data-element_type=\"column\">\n\t\t\t<div class=\"elementor-column-wrap elementor-element-populated\">\n\t\t\t\t\t\t\t<div class=\"elementor-widget-wrap\">\n\t\t\t\t\t\t<div class=\"elementor-element elementor-element-391e610 elementor-widget elementor-widget-image\" data-id=\"391e610\" data-element_type=\"widget\" data-widget_type=\"image.default\">\n\t\t\t\t<div class=\"elementor-widget-container\">\n\t\t\t\t\t\t\t\t<div class=\"elementor-image\">\n\t\t\t\t\t\t\t\t\t\t\t\t<img decoding=\"async\" width=\"1601\" height=\"530\" src=\"http:\/\/chusm.ma\/wp-content\/uploads\/2022\/06\/organigramme-oncpo-fe-psy.webp\" class=\"attachment-full size-full\" alt=\"\" loading=\"lazy\" srcset=\"http:\/\/chusm.ma\/wp-content\/uploads\/2022\/06\/organigramme-oncpo-fe-psy.webp 1601w, http:\/\/chusm.ma\/wp-content\/uploads\/2022\/06\/organigramme-oncpo-fe-psy-300x99.webp 300w, http:\/\/chusm.ma\/wp-content\/uploads\/2022\/06\/organigramme-oncpo-fe-psy-1024x339.webp 1024w, http:\/\/chusm.ma\/wp-content\/uploads\/2022\/06\/organigramme-oncpo-fe-psy-768x254.webp 768w, http:\/\/chusm.ma\/wp-content\/uploads\/2022\/06\/organigramme-oncpo-fe-psy-1536x508.webp 1536w\" sizes=\"(max-width: 1601px) 100vw, 1601px\" \/>\t\t\t\t\t\t\t\t\t\t\t\t\t\t<\/div>\n\t\t\t\t\t\t<\/div>\n\t\t\t\t<\/div>\n\t\t\t\t\t\t<\/div>\n\t\t\t\t\t<\/div>\n\t\t<\/div>\n\t\t\t\t\t\t\t\t<\/div>\n\t\t\t\t\t<\/div>\n\t\t<\/section>\n\t\t\t\t\t\t<\/div>\n\t\t\t\t\t<\/div>\n\t\t<\/div>\n\t\t\t\t\t\t\t\t<\/div>\n\t\t\t\t\t<\/div>\n\t\t<\/section>\n\t\t\t\t<section class=\"elementor-section elementor-top-section elementor-element elementor-element-1ef997f elementor-section-boxed elementor-section-height-default elementor-section-height-default\" data-id=\"1ef997f\" data-element_type=\"section\">\n\t\t\t\t\t\t<div class=\"elementor-container elementor-column-gap-default\">\n\t\t\t\t\t\t\t<div class=\"elementor-row\">\n\t\t\t\t\t<div class=\"elementor-column elementor-col-100 elementor-top-column elementor-element elementor-element-8d62df2\" data-id=\"8d62df2\" data-element_type=\"column\">\n\t\t\t<div class=\"elementor-column-wrap elementor-element-populated\">\n\t\t\t\t\t\t\t<div class=\"elementor-widget-wrap\">\n\t\t\t\t\t\t<div class=\"elementor-element elementor-element-2b93c17 elementor-invisible elementor-widget elementor-widget-elementskit-heading\" data-id=\"2b93c17\" data-element_type=\"widget\" data-settings=\"{&quot;_animation&quot;:&quot;fadeInUp&quot;,&quot;_animation_delay&quot;:0}\" data-widget_type=\"elementskit-heading.default\">\n\t\t\t\t<div class=\"elementor-widget-container\">\n\t\t\t<div class=\"ekit-wid-con\" ><div class=\"ekit-heading elementskit-section-title-wraper text_center   ekit_heading_tablet-   ekit_heading_mobile-\"><h2 class=\"ekit-heading--title elementskit-section-title \">\n\t\t\t\t\tOrganigramme de l'h\u00f4pital Psychiatrique \n\t\t\t\t<\/h2><div class=\"ekit_heading_separetor_wraper ekit_heading_ekit_border_custom\"><div class=\"ekit_border_custom\"><\/div><\/div><\/div><\/div>\t\t<\/div>\n\t\t\t\t<\/div>\n\t\t\t\t<section class=\"elementor-section elementor-inner-section elementor-element elementor-element-600a4b8 elementor-section-boxed elementor-section-height-default elementor-section-height-default\" data-id=\"600a4b8\" data-element_type=\"section\">\n\t\t\t\t\t\t<div class=\"elementor-container elementor-column-gap-default\">\n\t\t\t\t\t\t\t<div class=\"elementor-row\">\n\t\t\t\t\t<div class=\"elementor-column elementor-col-100 elementor-inner-column elementor-element elementor-element-bb3443d\" data-id=\"bb3443d\" data-element_type=\"column\">\n\t\t\t<div class=\"elementor-column-wrap elementor-element-populated\">\n\t\t\t\t\t\t\t<div class=\"elementor-widget-wrap\">\n\t\t\t\t\t\t<div class=\"elementor-element elementor-element-e7a6fa4 elementor-widget elementor-widget-image\" data-id=\"e7a6fa4\" data-element_type=\"widget\" data-widget_type=\"image.default\">\n\t\t\t\t<div class=\"elementor-widget-container\">\n\t\t\t\t\t\t\t\t<div class=\"elementor-image\">\n\t\t\t\t\t\t\t\t\t\t\t\t<img decoding=\"async\" width=\"1601\" height=\"530\" src=\"http:\/\/chusm.ma\/wp-content\/uploads\/2022\/06\/organigramme-oncpo-fe-psy.webp\" class=\"attachment-full size-full\" alt=\"\" loading=\"lazy\" srcset=\"http:\/\/chusm.ma\/wp-content\/uploads\/2022\/06\/organigramme-oncpo-fe-psy.webp 1601w, http:\/\/chusm.ma\/wp-content\/uploads\/2022\/06\/organigramme-oncpo-fe-psy-300x99.webp 300w, http:\/\/chusm.ma\/wp-content\/uploads\/2022\/06\/organigramme-oncpo-fe-psy-1024x339.webp 1024w, http:\/\/chusm.ma\/wp-content\/uploads\/2022\/06\/organigramme-oncpo-fe-psy-768x254.webp 768w, http:\/\/chusm.ma\/wp-content\/uploads\/2022\/06\/organigramme-oncpo-fe-psy-1536x508.webp 1536w\" sizes=\"(max-width: 1601px) 100vw, 1601px\" \/>\t\t\t\t\t\t\t\t\t\t\t\t\t\t<\/div>\n\t\t\t\t\t\t<\/div>\n\t\t\t\t<\/div>\n\t\t\t\t\t\t<\/div>\n\t\t\t\t\t<\/div>\n\t\t<\/div>\n\t\t\t\t\t\t\t\t<\/div>\n\t\t\t\t\t<\/div>\n\t\t<\/section>\n\t\t\t\t\t\t<\/div>\n\t\t\t\t\t<\/div>\n\t\t<\/div>\n\t\t\t\t\t\t\t\t<\/div>\n\t\t\t\t\t<\/div>\n\t\t<\/section>\n\t\t\t\t\t\t<\/div>\n\t\t\t\t\t\t<\/div>\n\t\t\t\t\t<\/div>\n\t\t","protected":false},"excerpt":{"rendered":"<p>Organigramme de la direction g\u00e9n\u00e9rale Organigramme de l&#8217;h\u00f4pital des sp\u00e9cialit\u00e9s Organigramme de l&#8217;h\u00f4pital M\u00e8re &amp; Enfant Organigramme du Centre d\u2019Oncologie Organigramme de l&#8217;h\u00f4pital Psychiatrique<\/p>\n","protected":false},"author":1,"featured_media":0,"parent":0,"menu_order":0,"comment_status":"closed","ping_status":"closed","template":"template\/template-home.php","meta":[],"_links":{"self":[{"href":"http:\/\/chusm.ma\/index.php?rest_route=\/wp\/v2\/pages\/6565"}],"collection":[{"href":"http:\/\/chusm.ma\/index.php?rest_route=\/wp\/v2\/pages"}],"about":[{"href":"http:\/\/chusm.ma\/index.php?rest_route=\/wp\/v2\/types\/page"}],"author":[{"embeddable":true,"href":"http:\/\/chusm.ma\/index.php?rest_route=\/wp\/v2\/users\/1"}],"replies":[{"embeddable":true,"href":"http:\/\/chusm.ma\/index.php?rest_route=%2Fwp%2Fv2%2Fcomments&post=6565"}],"version-history":[{"count":33,"href":"http:\/\/chusm.ma\/index.php?rest_route=\/wp\/v2\/pages\/6565\/revisions"}],"predecessor-version":[{"id":11064,"href":"http:\/\/chusm.ma\/index.php?rest_route=\/wp\/v2\/pages\/6565\/revisions\/11064"}],"wp:attachment":[{"href":"http:\/\/chusm.ma\/index.php?rest_route=%2Fwp%2Fv2%2Fmedia&parent=6565"}],"curies":[{"name":"wp","href":"https:\/\/api.w.org\/{rel}","templated":true}]}}